{"id":8410,"date":"2021-04-19T13:49:12","date_gmt":"2021-04-19T13:49:12","guid":{"rendered":"https:\/\/www.alplast.si\/classic-home\/"},"modified":"2025-08-29T05:18:20","modified_gmt":"2025-08-29T04:18:20","slug":"classic-home","status":"publish","type":"page","link":"https:\/\/www.alplast.si\/fr\/","title":{"rendered":"Accueil"},"content":{"rendered":"<p><div class=\"fusion-fullwidth fullwidth-box fusion-builder-row-1 fusion-flex-container has-pattern-background has-mask-background fusion-parallax-none hundred-percent-fullwidth hundred-percent-height hundred-percent-height-center-content non-hundred-percent-height-scrolling fusion-no-small-visibility fusion-no-medium-visibility fusion-animated\" style=\"--awb-border-radius-top-left:0px;--awb-border-radius-top-right:0px;--awb-border-radius-bottom-right:0px;--awb-border-radius-bottom-left:0px;--awb-margin-top:0px;--awb-margin-bottom:0px;--awb-background-color:var(--awb-color8);--awb-background-image:linear-gradient(180deg, rgba(20,22,23,0.35) 0%,rgba(20,22,23,0.35) 100%),url(https:\/\/www.alplastks.com\/wp-content\/uploads\/2024\/08\/Home-Windows-Doors-Sliding-Doors-Windows-Cover-ALPLAST-.jpg);;--awb-background-size:cover;--awb-flex-wrap:wrap;\" data-animationType=\"fadeInLeft\" data-animationDuration=\"0.3\" data-animationOffset=\"top-into-view\" ><div class=\"fusion-builder-row fusion-row fusion-flex-align-items-flex-start fusion-flex-align-content-center fusion-flex-content-wrap\" style=\"width:calc( 100% + 50px ) !important;max-width:calc( 100% + 50px ) !important;margin-left: calc(-50px \/ 2 );margin-right: calc(-50px \/ 2 );\"><div class=\"fusion-layout-column fusion_builder_column fusion-builder-column-0 fusion_builder_column_1_3 1_3 fusion-flex-column\" style=\"--awb-bg-size:cover;--awb-width-large:33.333333333333%;--awb-margin-top-large:0px;--awb-spacing-right-large:25px;--awb-margin-bottom-large:20px;--awb-spacing-left-large:25px;--awb-width-medium:33.333333333333%;--awb-order-medium:0;--awb-spacing-right-medium:25px;--awb-spacing-left-medium:25px;--awb-width-small:100%;--awb-order-small:0;--awb-spacing-right-small:25px;--awb-spacing-left-small:25px;\"><div class=\"fusion-column-wrapper fusion-column-has-shadow fusion-flex-justify-content-flex-start fusion-content-layout-column\"><\/div><\/div><div class=\"fusion-layout-column fusion_builder_column fusion-builder-column-1 fusion_builder_column_2_3 2_3 fusion-flex-column\" style=\"--awb-bg-size:cover;--awb-width-large:66.666666666667%;--awb-margin-top-large:0px;--awb-spacing-right-large:25px;--awb-margin-bottom-large:20px;--awb-spacing-left-large:25px;--awb-width-medium:66.666666666667%;--awb-order-medium:0;--awb-spacing-right-medium:25px;--awb-spacing-left-medium:25px;--awb-width-small:100%;--awb-order-small:0;--awb-spacing-right-small:25px;--awb-spacing-left-small:25px;\"><div class=\"fusion-column-wrapper fusion-column-has-shadow fusion-flex-justify-content-flex-start fusion-content-layout-column\"><div class=\"fusion-separator fusion-full-width-sep\" style=\"align-self: center;margin-left: auto;margin-right: auto;margin-top:70px;width:100%;\"><\/div><div class=\"fusion-title title fusion-title-1 fusion-sep-none fusion-title-center fusion-title-text fusion-title-size-two\" style=\"--awb-text-color:var(--awb-color2);--awb-margin-bottom:20px;--awb-link-color:var(--awb-color1);--awb-link-hover-color:var(--awb-color4);--awb-font-size:55px;\"><h2 class=\"fusion-title-heading title-heading-center\" style=\"margin:0;font-size:1em;text-transform:none;line-height:30px;\"><a href=\"https:\/\/www.alplast.si\/windows\/\" class=\"awb-custom-text-color awb-custom-text-hover-color\" target=\"_self\"><div id=\"anchor_f83b2bd8_A-window\">\n<p class=\"p1\">Fen\u00eatres et portes<\/p>\n<p class=\"p1\">L\u2019innovation \u00e0 chaque \u00e9tape !<\/p>\n<\/div><\/a><\/h2><\/div><div class=\"fusion-text fusion-text-1 fusion-text-no-margin\" style=\"--awb-content-alignment:center;--awb-font-size:22px;--awb-text-color:var(--awb-color1);--awb-margin-bottom:40px;\"><p class=\"p1\">Portes et fen\u00eatres qui prennent soin de chaque d\u00e9tail\u2026<\/p>\n<\/div><\/div><\/div><\/div><\/div><div class=\"fusion-fullwidth fullwidth-box fusion-builder-row-2 fusion-flex-container has-pattern-background has-mask-background fusion-parallax-none nonhundred-percent-fullwidth non-hundred-percent-height-scrolling\" style=\"--awb-border-radius-top-left:0px;--awb-border-radius-top-right:0px;--awb-border-radius-bottom-right:0px;--awb-border-radius-bottom-left:0px;--awb-padding-top:140px;--awb-padding-bottom:140px;--awb-background-color:var(--awb-color8);--awb-background-image:linear-gradient(180deg, rgba(20,22,23,0.81) 0%,rgba(20,22,23,0.69) 100%),url(https:\/\/www.alplastks.com\/wp-content\/uploads\/2024\/08\/Home-Windows.png);;--awb-background-size:cover;--awb-flex-wrap:wrap;\" ><div class=\"fusion-builder-row fusion-row fusion-flex-align-items-center fusion-flex-content-wrap\" style=\"max-width:calc( 1170px + 120px );margin-left: calc(-120px \/ 2 );margin-right: calc(-120px \/ 2 );\"><div class=\"fusion-layout-column fusion_builder_column fusion-builder-column-2 fusion_builder_column_1_2 1_2 fusion-flex-column\" style=\"--awb-bg-size:cover;--awb-width-large:50%;--awb-margin-top-large:0px;--awb-spacing-right-large:calc( 0.04 * calc( 100% - 120px ) );--awb-margin-bottom-large:0px;--awb-spacing-left-large:60px;--awb-width-medium:50%;--awb-order-medium:0;--awb-spacing-right-medium:calc( 0.04 * calc( 100% - 120px ) );--awb-spacing-left-medium:60px;--awb-width-small:100%;--awb-order-small:0;--awb-spacing-right-small:60px;--awb-spacing-left-small:60px;\" data-scroll-devices=\"small-visibility,medium-visibility,large-visibility\"><div class=\"fusion-column-wrapper fusion-column-has-shadow fusion-flex-justify-content-flex-start fusion-content-layout-column\"><div class=\"fusion-image-element \" style=\"--awb-caption-title-font-family:var(--h2_typography-font-family);--awb-caption-title-font-weight:var(--h2_typography-font-weight);--awb-caption-title-font-style:var(--h2_typography-font-style);--awb-caption-title-size:var(--h2_typography-font-size);--awb-caption-title-transform:var(--h2_typography-text-transform);--awb-caption-title-line-height:var(--h2_typography-line-height);--awb-caption-title-letter-spacing:var(--h2_typography-letter-spacing);\"><span class=\" fusion-imageframe imageframe-none imageframe-1 hover-type-none\" style=\"border:9px solid var(--awb-color1);\"><img data-opt-id=818114100  fetchpriority=\"high\" decoding=\"async\" width=\"1080\" height=\"1080\" title=\"Home-Windows\" src=\"https:\/\/mltpmwosoojw.i.optimole.com\/w:auto\/h:auto\/q:mauto\/ig:avif\/https:\/\/www.alplast.si\/wp-content\/uploads\/2024\/08\/Home-Windows.png\" alt class=\"img-responsive wp-image-7576\" srcset=\"https:\/\/mltpmwosoojw.i.optimole.com\/w:200\/h:200\/q:mauto\/ig:avif\/https:\/\/www.alplast.si\/wp-content\/uploads\/2024\/08\/Home-Windows.png 200w, https:\/\/mltpmwosoojw.i.optimole.com\/w:400\/h:400\/q:mauto\/ig:avif\/https:\/\/www.alplast.si\/wp-content\/uploads\/2024\/08\/Home-Windows.png 400w, https:\/\/mltpmwosoojw.i.optimole.com\/w:600\/h:600\/q:mauto\/ig:avif\/https:\/\/www.alplast.si\/wp-content\/uploads\/2024\/08\/Home-Windows.png 600w, https:\/\/mltpmwosoojw.i.optimole.com\/w:800\/h:800\/q:mauto\/ig:avif\/https:\/\/www.alplast.si\/wp-content\/uploads\/2024\/08\/Home-Windows.png 800w, https:\/\/mltpmwosoojw.i.optimole.com\/w:1080\/h:1080\/q:mauto\/ig:avif\/https:\/\/www.alplast.si\/wp-content\/uploads\/2024\/08\/Home-Windows.png 1080w\" sizes=\"(max-width: 640px) 100vw, 600px\" \/><\/span><\/div><\/div><\/div><div class=\"fusion-layout-column fusion_builder_column fusion-builder-column-3 fusion_builder_column_1_2 1_2 fusion-flex-column\" style=\"--awb-padding-top-small:50px;--awb-bg-size:cover;--awb-width-large:50%;--awb-margin-top-large:0px;--awb-spacing-right-large:60px;--awb-margin-bottom-large:20px;--awb-spacing-left-large:60px;--awb-width-medium:50%;--awb-order-medium:0;--awb-spacing-right-medium:60px;--awb-spacing-left-medium:60px;--awb-width-small:100%;--awb-order-small:0;--awb-spacing-right-small:60px;--awb-spacing-left-small:60px;\"><div class=\"fusion-column-wrapper fusion-column-has-shadow fusion-flex-justify-content-flex-start fusion-content-layout-column\"><div class=\"fusion-title title fusion-title-2 fusion-sep-none fusion-title-text fusion-title-size-two\" style=\"--awb-text-color:var(--awb-color2);--awb-margin-bottom:20px;\"><h2 class=\"fusion-title-heading title-heading-left\" style=\"margin:0;text-transform:none;\"><p class=\"p1\">Fen\u00eatres<\/p><\/h2><\/div><div class=\"fusion-text fusion-text-2 fusion-text-no-margin\" style=\"--awb-text-color:var(--awb-color1);--awb-margin-right:10%;--awb-margin-bottom:40px;\"><p class=\"p1\">Elles offrent \u00e0 la fois s\u00e9curit\u00e9 et une connexion harmonieuse avec l\u2019ext\u00e9rieur. En faisant entrer la lumi\u00e8re naturelle chez vous, les fen\u00eatres cr\u00e9ent une ambiance lumineuse et accueillante qui transforme chaque espace en un sanctuaire chaleureux et inspirant.<\/p>\n<\/div><div ><a class=\"fusion-button button-flat fusion-button-default-size button-default fusion-button-default button-1 fusion-button-default-span fusion-button-default-type\" target=\"_self\" href=\"https:\/\/www.alplast.si\/fr\/fenetres\/\"><span class=\"fusion-button-text awb-button__text awb-button__text--default\">\n<p class=\"p1\">En savoir plus\u2026<\/p>\n<\/span><\/a><\/div><\/div><\/div><\/div><\/div><div class=\"fusion-fullwidth fullwidth-box fusion-builder-row-3 fusion-flex-container has-pattern-background has-mask-background fusion-parallax-none nonhundred-percent-fullwidth non-hundred-percent-height-scrolling\" style=\"--awb-border-radius-top-left:0px;--awb-border-radius-top-right:0px;--awb-border-radius-bottom-right:0px;--awb-border-radius-bottom-left:0px;--awb-padding-top:140px;--awb-padding-bottom:140px;--awb-background-color:var(--awb-color8);--awb-background-image:linear-gradient(180deg, rgba(20,22,23,0.81) 0%,rgba(20,22,23,0.69) 100%),url(https:\/\/www.alplastks.com\/wp-content\/uploads\/2024\/08\/Home-Sliding-doors.png);;--awb-background-size:cover;--awb-flex-wrap:wrap;\" ><div class=\"fusion-builder-row fusion-row fusion-flex-align-items-center fusion-flex-content-wrap\" style=\"max-width:calc( 1170px + 120px );margin-left: calc(-120px \/ 2 );margin-right: calc(-120px \/ 2 );\"><div class=\"fusion-layout-column fusion_builder_column fusion-builder-column-4 fusion_builder_column_1_2 1_2 fusion-flex-column\" style=\"--awb-bg-size:cover;--awb-width-large:50%;--awb-margin-top-large:0px;--awb-spacing-right-large:calc( 0.04 * calc( 100% - 120px ) );--awb-margin-bottom-large:0px;--awb-spacing-left-large:60px;--awb-width-medium:50%;--awb-order-medium:0;--awb-spacing-right-medium:calc( 0.04 * calc( 100% - 120px ) );--awb-spacing-left-medium:60px;--awb-width-small:100%;--awb-order-small:0;--awb-spacing-right-small:60px;--awb-spacing-left-small:60px;\" data-scroll-devices=\"small-visibility,medium-visibility,large-visibility\"><div class=\"fusion-column-wrapper fusion-column-has-shadow fusion-flex-justify-content-flex-start fusion-content-layout-column\"><div class=\"fusion-image-element \" style=\"--awb-caption-title-font-family:var(--h2_typography-font-family);--awb-caption-title-font-weight:var(--h2_typography-font-weight);--awb-caption-title-font-style:var(--h2_typography-font-style);--awb-caption-title-size:var(--h2_typography-font-size);--awb-caption-title-transform:var(--h2_typography-text-transform);--awb-caption-title-line-height:var(--h2_typography-line-height);--awb-caption-title-letter-spacing:var(--h2_typography-letter-spacing);\"><span class=\" fusion-imageframe imageframe-none imageframe-2 hover-type-none\" style=\"border:9px solid var(--awb-color1);\"><img data-opt-id=258287782  fetchpriority=\"high\" decoding=\"async\" width=\"1080\" height=\"1080\" title=\"Home-Sliding-doors\" src=\"https:\/\/mltpmwosoojw.i.optimole.com\/w:auto\/h:auto\/q:mauto\/ig:avif\/https:\/\/www.alplast.si\/wp-content\/uploads\/2024\/08\/Home-Sliding-doors.png\" alt class=\"img-responsive wp-image-7585\" srcset=\"https:\/\/mltpmwosoojw.i.optimole.com\/w:200\/h:200\/q:mauto\/ig:avif\/https:\/\/www.alplast.si\/wp-content\/uploads\/2024\/08\/Home-Sliding-doors.png 200w, https:\/\/mltpmwosoojw.i.optimole.com\/w:400\/h:400\/q:mauto\/ig:avif\/https:\/\/www.alplast.si\/wp-content\/uploads\/2024\/08\/Home-Sliding-doors.png 400w, https:\/\/mltpmwosoojw.i.optimole.com\/w:600\/h:600\/q:mauto\/ig:avif\/https:\/\/www.alplast.si\/wp-content\/uploads\/2024\/08\/Home-Sliding-doors.png 600w, https:\/\/mltpmwosoojw.i.optimole.com\/w:800\/h:800\/q:mauto\/ig:avif\/https:\/\/www.alplast.si\/wp-content\/uploads\/2024\/08\/Home-Sliding-doors.png 800w, https:\/\/mltpmwosoojw.i.optimole.com\/w:1080\/h:1080\/q:mauto\/ig:avif\/https:\/\/www.alplast.si\/wp-content\/uploads\/2024\/08\/Home-Sliding-doors.png 1080w\" sizes=\"(max-width: 640px) 100vw, 600px\" \/><\/span><\/div><\/div><\/div><div class=\"fusion-layout-column fusion_builder_column fusion-builder-column-5 fusion_builder_column_1_2 1_2 fusion-flex-column\" style=\"--awb-padding-top-small:50px;--awb-bg-size:cover;--awb-width-large:50%;--awb-margin-top-large:0px;--awb-spacing-right-large:60px;--awb-margin-bottom-large:20px;--awb-spacing-left-large:60px;--awb-width-medium:50%;--awb-order-medium:0;--awb-spacing-right-medium:60px;--awb-spacing-left-medium:60px;--awb-width-small:100%;--awb-order-small:0;--awb-spacing-right-small:60px;--awb-spacing-left-small:60px;\"><div class=\"fusion-column-wrapper fusion-column-has-shadow fusion-flex-justify-content-flex-start fusion-content-layout-column\"><div class=\"fusion-title title fusion-title-3 fusion-sep-none fusion-title-text fusion-title-size-two\" style=\"--awb-text-color:var(--awb-color2);--awb-margin-bottom:20px;\"><h2 class=\"fusion-title-heading title-heading-left\" style=\"margin:0;text-transform:none;\"><p class=\"p1\">Portes coulissantes<\/p><\/h2><\/div><div class=\"fusion-text fusion-text-3 fusion-text-no-margin\" style=\"--awb-text-color:var(--awb-color1);--awb-margin-right:10%;--awb-margin-bottom:40px;\"><p class=\"p1\">Avec les portes coulissantes AlPlast, votre balcon et votre jardin deviennent une extension harmonieuse de votre maison. Reliant sans effort le confort int\u00e9rieur \u00e0 la beaut\u00e9 ext\u00e9rieure, ces portes red\u00e9finissent l\u2019\u00e9l\u00e9gance et la fonctionnalit\u00e9. D\u00e9couvrez l\u2019harmonie des espaces ouverts et \u00e9levez votre style de vie \u00e0 un tout nouveau niveau de sophistication et de confort !<\/p>\n<\/div><div ><a class=\"fusion-button button-flat fusion-button-default-size button-default fusion-button-default button-2 fusion-button-default-span fusion-button-default-type\" target=\"_self\" href=\"https:\/\/www.alplast.si\/fr\/portes-coulissantes\/\"><span class=\"fusion-button-text awb-button__text awb-button__text--default\">\n<p class=\"p1\">En savoir plus\u2026<\/p>\n<\/span><\/a><\/div><\/div><\/div><\/div><\/div><div class=\"fusion-fullwidth fullwidth-box fusion-builder-row-4 fusion-flex-container has-pattern-background has-mask-background fusion-parallax-none nonhundred-percent-fullwidth non-hundred-percent-height-scrolling\" style=\"--awb-border-radius-top-left:0px;--awb-border-radius-top-right:0px;--awb-border-radius-bottom-right:0px;--awb-border-radius-bottom-left:0px;--awb-padding-top:140px;--awb-padding-bottom:140px;--awb-background-color:var(--awb-color8);--awb-background-image:linear-gradient(180deg, rgba(20,22,23,0.81) 0%,rgba(20,22,23,0.69) 100%),url(https:\/\/www.alplastks.com\/wp-content\/uploads\/2024\/08\/Home-Front-doors.png);;--awb-background-size:cover;--awb-flex-wrap:wrap;\" ><div class=\"fusion-builder-row fusion-row fusion-flex-align-items-center fusion-flex-content-wrap\" style=\"max-width:calc( 1170px + 120px );margin-left: calc(-120px \/ 2 );margin-right: calc(-120px \/ 2 );\"><div class=\"fusion-layout-column fusion_builder_column fusion-builder-column-6 fusion_builder_column_1_2 1_2 fusion-flex-column\" style=\"--awb-bg-size:cover;--awb-width-large:50%;--awb-margin-top-large:0px;--awb-spacing-right-large:calc( 0.04 * calc( 100% - 120px ) );--awb-margin-bottom-large:0px;--awb-spacing-left-large:60px;--awb-width-medium:50%;--awb-order-medium:0;--awb-spacing-right-medium:calc( 0.04 * calc( 100% - 120px ) );--awb-spacing-left-medium:60px;--awb-width-small:100%;--awb-order-small:0;--awb-spacing-right-small:60px;--awb-spacing-left-small:60px;\" data-scroll-devices=\"small-visibility,medium-visibility,large-visibility\"><div class=\"fusion-column-wrapper fusion-column-has-shadow fusion-flex-justify-content-flex-start fusion-content-layout-column\"><div class=\"fusion-image-element \" style=\"--awb-caption-title-font-family:var(--h2_typography-font-family);--awb-caption-title-font-weight:var(--h2_typography-font-weight);--awb-caption-title-font-style:var(--h2_typography-font-style);--awb-caption-title-size:var(--h2_typography-font-size);--awb-caption-title-transform:var(--h2_typography-text-transform);--awb-caption-title-line-height:var(--h2_typography-line-height);--awb-caption-title-letter-spacing:var(--h2_typography-letter-spacing);\"><span class=\" fusion-imageframe imageframe-none imageframe-3 hover-type-none\" style=\"border:9px solid var(--awb-color1);\"><img data-opt-id=1376179854  data-opt-src=\"https:\/\/mltpmwosoojw.i.optimole.com\/w:auto\/h:auto\/q:mauto\/ig:avif\/https:\/\/www.alplast.si\/wp-content\/uploads\/2024\/08\/Home-Front-doors.png\"  decoding=\"async\" width=\"1080\" height=\"1080\" title=\"Home-Front-doors\" src=\"data:image/svg+xml,%3Csvg%20viewBox%3D%220%200%20100%%20100%%22%20width%3D%22100%%22%20height%3D%22100%%22%20xmlns%3D%22http%3A%2F%2Fwww.w3.org%2F2000%2Fsvg%22%3E%3Crect%20width%3D%22100%%22%20height%3D%22100%%22%20fill%3D%22transparent%22%2F%3E%3C%2Fsvg%3E\" alt class=\"img-responsive wp-image-7582\" old-srcset=\"https:\/\/mltpmwosoojw.i.optimole.com\/w:200\/h:200\/q:mauto\/ig:avif\/https:\/\/www.alplast.si\/wp-content\/uploads\/2024\/08\/Home-Front-doors.png 200w, https:\/\/mltpmwosoojw.i.optimole.com\/w:400\/h:400\/q:mauto\/ig:avif\/https:\/\/www.alplast.si\/wp-content\/uploads\/2024\/08\/Home-Front-doors.png 400w, https:\/\/mltpmwosoojw.i.optimole.com\/w:600\/h:600\/q:mauto\/ig:avif\/https:\/\/www.alplast.si\/wp-content\/uploads\/2024\/08\/Home-Front-doors.png 600w, https:\/\/mltpmwosoojw.i.optimole.com\/w:800\/h:800\/q:mauto\/ig:avif\/https:\/\/www.alplast.si\/wp-content\/uploads\/2024\/08\/Home-Front-doors.png 800w, https:\/\/mltpmwosoojw.i.optimole.com\/w:1080\/h:1080\/q:mauto\/ig:avif\/https:\/\/www.alplast.si\/wp-content\/uploads\/2024\/08\/Home-Front-doors.png 1080w\" \/><\/span><\/div><\/div><\/div><div class=\"fusion-layout-column fusion_builder_column fusion-builder-column-7 fusion_builder_column_1_2 1_2 fusion-flex-column\" style=\"--awb-padding-top-small:50px;--awb-bg-size:cover;--awb-width-large:50%;--awb-margin-top-large:0px;--awb-spacing-right-large:60px;--awb-margin-bottom-large:20px;--awb-spacing-left-large:60px;--awb-width-medium:50%;--awb-order-medium:0;--awb-spacing-right-medium:60px;--awb-spacing-left-medium:60px;--awb-width-small:100%;--awb-order-small:0;--awb-spacing-right-small:60px;--awb-spacing-left-small:60px;\"><div class=\"fusion-column-wrapper fusion-column-has-shadow fusion-flex-justify-content-flex-start fusion-content-layout-column\"><div class=\"fusion-title title fusion-title-4 fusion-sep-none fusion-title-text fusion-title-size-two\" style=\"--awb-text-color:var(--awb-color2);--awb-margin-bottom:20px;\"><h2 class=\"fusion-title-heading title-heading-left\" style=\"margin:0;text-transform:none;\"><p class=\"p1\">Portes d\u2019entr\u00e9e<\/p><\/h2><\/div><div class=\"fusion-text fusion-text-4 fusion-text-no-margin\" style=\"--awb-text-color:var(--awb-color1);--awb-margin-right:10%;--awb-margin-bottom:40px;\"><p class=\"p1\">Les premi\u00e8res impressions comptent, et votre porte d\u2019entr\u00e9e donne le ton \u00e0 votre maison. Elle doit s\u2019harmoniser parfaitement avec l\u2019architecture et le design du b\u00e2timent tout en offrant une isolation thermique et acoustique sup\u00e9rieure pour plus de confort et d\u2019efficacit\u00e9.<\/p>\n<\/div><div ><a class=\"fusion-button button-flat fusion-button-default-size button-default fusion-button-default button-3 fusion-button-default-span fusion-button-default-type\" target=\"_self\" href=\"https:\/\/www.alplast.si\/fr\/portes-dentree\/\"><span class=\"fusion-button-text awb-button__text awb-button__text--default\">\n<p class=\"p1\">En savoir plus\u2026<\/p>\n<\/span><\/a><\/div><\/div><\/div><\/div><\/div><div class=\"fusion-fullwidth fullwidth-box fusion-builder-row-5 fusion-flex-container has-pattern-background has-mask-background fusion-parallax-none nonhundred-percent-fullwidth non-hundred-percent-height-scrolling\" style=\"--awb-border-radius-top-left:0px;--awb-border-radius-top-right:0px;--awb-border-radius-bottom-right:0px;--awb-border-radius-bottom-left:0px;--awb-padding-top:140px;--awb-padding-bottom:140px;--awb-background-color:var(--awb-color8);--awb-background-image:linear-gradient(180deg, rgba(20,22,23,0.81) 0%,rgba(20,22,23,0.69) 100%),url(https:\/\/www.alplastks.com\/wp-content\/uploads\/2024\/08\/Home-Window-cover.png);;--awb-background-size:cover;--awb-flex-wrap:wrap;\" ><div class=\"fusion-builder-row fusion-row fusion-flex-align-items-center fusion-flex-content-wrap\" style=\"max-width:calc( 1170px + 120px );margin-left: calc(-120px \/ 2 );margin-right: calc(-120px \/ 2 );\"><div class=\"fusion-layout-column fusion_builder_column fusion-builder-column-8 fusion_builder_column_1_2 1_2 fusion-flex-column\" style=\"--awb-bg-size:cover;--awb-width-large:50%;--awb-margin-top-large:0px;--awb-spacing-right-large:calc( 0.04 * calc( 100% - 120px ) );--awb-margin-bottom-large:0px;--awb-spacing-left-large:60px;--awb-width-medium:50%;--awb-order-medium:0;--awb-spacing-right-medium:calc( 0.04 * calc( 100% - 120px ) );--awb-spacing-left-medium:60px;--awb-width-small:100%;--awb-order-small:0;--awb-spacing-right-small:60px;--awb-spacing-left-small:60px;\" data-scroll-devices=\"small-visibility,medium-visibility,large-visibility\"><div class=\"fusion-column-wrapper fusion-column-has-shadow fusion-flex-justify-content-flex-start fusion-content-layout-column\"><div class=\"fusion-image-element \" style=\"--awb-caption-title-font-family:var(--h2_typography-font-family);--awb-caption-title-font-weight:var(--h2_typography-font-weight);--awb-caption-title-font-style:var(--h2_typography-font-style);--awb-caption-title-size:var(--h2_typography-font-size);--awb-caption-title-transform:var(--h2_typography-text-transform);--awb-caption-title-line-height:var(--h2_typography-line-height);--awb-caption-title-letter-spacing:var(--h2_typography-letter-spacing);\"><span class=\" fusion-imageframe imageframe-none imageframe-4 hover-type-none\" style=\"border:9px solid var(--awb-color1);\"><img data-opt-id=1085202235  data-opt-src=\"https:\/\/mltpmwosoojw.i.optimole.com\/w:auto\/h:auto\/q:mauto\/ig:avif\/https:\/\/www.alplast.si\/wp-content\/uploads\/2024\/08\/Home-Window-cover.png\"  decoding=\"async\" width=\"1080\" height=\"1080\" title=\"Roleta\" src=\"data:image/svg+xml,%3Csvg%20viewBox%3D%220%200%20100%%20100%%22%20width%3D%22100%%22%20height%3D%22100%%22%20xmlns%3D%22http%3A%2F%2Fwww.w3.org%2F2000%2Fsvg%22%3E%3Crect%20width%3D%22100%%22%20height%3D%22100%%22%20fill%3D%22transparent%22%2F%3E%3C%2Fsvg%3E\" alt class=\"img-responsive wp-image-7588\" old-srcset=\"https:\/\/mltpmwosoojw.i.optimole.com\/w:200\/h:200\/q:mauto\/ig:avif\/https:\/\/www.alplast.si\/wp-content\/uploads\/2024\/08\/Home-Window-cover.png 200w, https:\/\/mltpmwosoojw.i.optimole.com\/w:400\/h:400\/q:mauto\/ig:avif\/https:\/\/www.alplast.si\/wp-content\/uploads\/2024\/08\/Home-Window-cover.png 400w, https:\/\/mltpmwosoojw.i.optimole.com\/w:600\/h:600\/q:mauto\/ig:avif\/https:\/\/www.alplast.si\/wp-content\/uploads\/2024\/08\/Home-Window-cover.png 600w, https:\/\/mltpmwosoojw.i.optimole.com\/w:800\/h:800\/q:mauto\/ig:avif\/https:\/\/www.alplast.si\/wp-content\/uploads\/2024\/08\/Home-Window-cover.png 800w, https:\/\/mltpmwosoojw.i.optimole.com\/w:1080\/h:1080\/q:mauto\/ig:avif\/https:\/\/www.alplast.si\/wp-content\/uploads\/2024\/08\/Home-Window-cover.png 1080w\" \/><\/span><\/div><\/div><\/div><div class=\"fusion-layout-column fusion_builder_column fusion-builder-column-9 fusion_builder_column_1_2 1_2 fusion-flex-column\" style=\"--awb-padding-top-small:50px;--awb-bg-size:cover;--awb-width-large:50%;--awb-margin-top-large:0px;--awb-spacing-right-large:60px;--awb-margin-bottom-large:20px;--awb-spacing-left-large:60px;--awb-width-medium:50%;--awb-order-medium:0;--awb-spacing-right-medium:60px;--awb-spacing-left-medium:60px;--awb-width-small:100%;--awb-order-small:0;--awb-spacing-right-small:60px;--awb-spacing-left-small:60px;\"><div class=\"fusion-column-wrapper fusion-column-has-shadow fusion-flex-justify-content-flex-start fusion-content-layout-column\"><div class=\"fusion-title title fusion-title-5 fusion-sep-none fusion-title-text fusion-title-size-two\" style=\"--awb-text-color:var(--awb-color2);--awb-margin-bottom:20px;\"><h2 class=\"fusion-title-heading title-heading-left\" style=\"margin:0;text-transform:none;\"><p class=\"p1\">Volets<\/p><\/h2><\/div><div class=\"fusion-text fusion-text-5 fusion-text-no-margin\" style=\"--awb-text-color:var(--awb-color1);--awb-margin-right:10%;--awb-margin-bottom:40px;\"><p class=\"p1\">Les volets sont un \u00e9l\u00e9ment essentiel qui am\u00e9liore \u00e0 la fois les performances et l\u2019apparence de vos fen\u00eatres. Ils offrent un contr\u00f4le facile de la luminosit\u00e9, alliant fonctionnalit\u00e9 et design contemporain pour cr\u00e9er un environnement de vie plus confortable et \u00e9l\u00e9gant.<\/p>\n<\/div><div ><a class=\"fusion-button button-flat fusion-button-default-size button-default fusion-button-default button-4 fusion-button-default-span fusion-button-default-type\" target=\"_self\" href=\"https:\/\/www.alplast.si\/fr\/volets-roulants\/\"><span class=\"fusion-button-text awb-button__text awb-button__text--default\">\n<p class=\"p1\">En savoir plus\u2026<\/p>\n<\/span><\/a><\/div><\/div><\/div><\/div><\/div><\/p>\n","protected":false},"excerpt":{"rendered":"","protected":false},"author":1,"featured_media":0,"parent":0,"menu_order":0,"comment_status":"closed","ping_status":"closed","template":"100-width.php","meta":{"_oct_exclude_from_cache":false,"footnotes":""},"class_list":["post-8410","page","type-page","status-publish","hentry"],"_links":{"self":[{"href":"https:\/\/www.alplast.si\/fr\/wp-json\/wp\/v2\/pages\/8410","targetHints":{"allow":["GET"]}}],"collection":[{"href":"https:\/\/www.alplast.si\/fr\/wp-json\/wp\/v2\/pages"}],"about":[{"href":"https:\/\/www.alplast.si\/fr\/wp-json\/wp\/v2\/types\/page"}],"author":[{"embeddable":true,"href":"https:\/\/www.alplast.si\/fr\/wp-json\/wp\/v2\/users\/1"}],"replies":[{"embeddable":true,"href":"https:\/\/www.alplast.si\/fr\/wp-json\/wp\/v2\/comments?post=8410"}],"version-history":[{"count":10,"href":"https:\/\/www.alplast.si\/fr\/wp-json\/wp\/v2\/pages\/8410\/revisions"}],"predecessor-version":[{"id":9402,"href":"https:\/\/www.alplast.si\/fr\/wp-json\/wp\/v2\/pages\/8410\/revisions\/9402"}],"wp:attachment":[{"href":"https:\/\/www.alplast.si\/fr\/wp-json\/wp\/v2\/media?parent=8410"}],"curies":[{"name":"wp","href":"https:\/\/api.w.org\/{rel}","templated":true}]}}