{"id":8468,"date":"2024-09-21T10:41:22","date_gmt":"2024-09-21T09:41:22","guid":{"rendered":"https:\/\/www.alplast.si\/eng-windowaccessories\/"},"modified":"2025-08-29T06:27:23","modified_gmt":"2025-08-29T05:27:23","slug":"accessoires-pour-fenetres","status":"publish","type":"page","link":"https:\/\/www.alplast.si\/fr\/accessoires-pour-fenetres\/","title":{"rendered":"Accessoires pour fen\u00eatres"},"content":{"rendered":"<div class=\"fusion-fullwidth fullwidth-box fusion-builder-row-1 fusion-flex-container has-pattern-background has-mask-background nonhundred-percent-fullwidth non-hundred-percent-height-scrolling fusion-animated\" style=\"--awb-border-radius-top-left:0px;--awb-border-radius-top-right:0px;--awb-border-radius-bottom-right:0px;--awb-border-radius-bottom-left:0px;--awb-flex-wrap:wrap;\" data-animationType=\"fadeInLeft\" data-animationDuration=\"0.3\" data-animationOffset=\"top-into-view\" ><div class=\"fusion-builder-row fusion-row fusion-flex-align-items-flex-start fusion-flex-content-wrap\" style=\"max-width:1216.8px;margin-left: calc(-4% \/ 2 );margin-right: calc(-4% \/ 2 );\"><div class=\"fusion-layout-column fusion_builder_column fusion-builder-column-0 fusion_builder_column_1_3 1_3 fusion-flex-column\" style=\"--awb-bg-color:var(--awb-color2);--awb-bg-color-hover:var(--awb-color2);--awb-bg-image:linear-gradient(180deg, var(--awb-color2) 0%,var(--awb-color3) 100%);--awb-bg-size:cover;--awb-width-large:33.333333333333%;--awb-margin-top-large:0px;--awb-spacing-right-large:5.76%;--awb-margin-bottom-large:20px;--awb-spacing-left-large:5.76%;--awb-width-medium:33.333333333333%;--awb-order-medium:0;--awb-spacing-right-medium:5.76%;--awb-spacing-left-medium:5.76%;--awb-width-small:100%;--awb-order-small:0;--awb-spacing-right-small:1.92%;--awb-spacing-left-small:1.92%;\" data-scroll-devices=\"small-visibility,medium-visibility,large-visibility\"><div class=\"fusion-column-wrapper fusion-column-has-shadow fusion-flex-justify-content-flex-start fusion-content-layout-column\"><div class=\"fusion-image-element \" style=\"--awb-caption-title-font-family:var(--h2_typography-font-family);--awb-caption-title-font-weight:var(--h2_typography-font-weight);--awb-caption-title-font-style:var(--h2_typography-font-style);--awb-caption-title-size:var(--h2_typography-font-size);--awb-caption-title-transform:var(--h2_typography-text-transform);--awb-caption-title-line-height:var(--h2_typography-line-height);--awb-caption-title-letter-spacing:var(--h2_typography-letter-spacing);\"><span class=\" fusion-imageframe imageframe-none imageframe-1 hover-type-none\"><img data-opt-id=923589754  fetchpriority=\"high\" decoding=\"async\" width=\"750\" height=\"540\" title=\"Aksesor\u00eb dritare\" src=\"https:\/\/mltpmwosoojw.i.optimole.com\/w:auto\/h:auto\/q:mauto\/ig:avif\/https:\/\/www.alplast.si\/wp-content\/uploads\/2024\/09\/Aksesore-dritare.png\" alt class=\"img-responsive wp-image-7771\" srcset=\"https:\/\/mltpmwosoojw.i.optimole.com\/w:200\/h:144\/q:mauto\/ig:avif\/https:\/\/www.alplast.si\/wp-content\/uploads\/2024\/09\/Aksesore-dritare.png 200w, https:\/\/mltpmwosoojw.i.optimole.com\/w:400\/h:288\/q:mauto\/ig:avif\/https:\/\/www.alplast.si\/wp-content\/uploads\/2024\/09\/Aksesore-dritare.png 400w, https:\/\/mltpmwosoojw.i.optimole.com\/w:600\/h:432\/q:mauto\/ig:avif\/https:\/\/www.alplast.si\/wp-content\/uploads\/2024\/09\/Aksesore-dritare.png 600w, https:\/\/mltpmwosoojw.i.optimole.com\/w:750\/h:540\/q:mauto\/ig:avif\/https:\/\/www.alplast.si\/wp-content\/uploads\/2024\/09\/Aksesore-dritare.png 750w\" sizes=\"(max-width: 640px) 100vw, 400px\" \/><\/span><\/div><div class=\"fusion-text fusion-text-1 fusion-text-no-margin\" style=\"--awb-text-color:var(--awb-color6);--awb-margin-right:20px;--awb-margin-bottom:115px;--awb-margin-left:20px;\"><p class=\"p1\">Les moulures d\u00e9coratives en aluminium sont un ajout \u00e9l\u00e9gant et fonctionnel, apportant aux fen\u00eatres un style unique et raffin\u00e9.<\/p>\n<\/div><\/div><\/div><div class=\"fusion-layout-column fusion_builder_column fusion-builder-column-1 fusion_builder_column_1_3 1_3 fusion-flex-column\" style=\"--awb-bg-color:var(--awb-color2);--awb-bg-color-hover:var(--awb-color2);--awb-bg-image:linear-gradient(180deg, var(--awb-color2) 0%,var(--awb-color3) 100%);--awb-bg-size:cover;--awb-width-large:33.333333333333%;--awb-margin-top-large:0px;--awb-spacing-right-large:5.76%;--awb-margin-bottom-large:20px;--awb-spacing-left-large:5.76%;--awb-width-medium:33.333333333333%;--awb-order-medium:0;--awb-spacing-right-medium:5.76%;--awb-spacing-left-medium:5.76%;--awb-width-small:100%;--awb-order-small:0;--awb-spacing-right-small:1.92%;--awb-spacing-left-small:1.92%;\" data-scroll-devices=\"small-visibility,medium-visibility,large-visibility\"><div class=\"fusion-column-wrapper fusion-column-has-shadow fusion-flex-justify-content-flex-start fusion-content-layout-column\"><div class=\"fusion-image-element \" style=\"--awb-caption-title-font-family:var(--h2_typography-font-family);--awb-caption-title-font-weight:var(--h2_typography-font-weight);--awb-caption-title-font-style:var(--h2_typography-font-style);--awb-caption-title-size:var(--h2_typography-font-size);--awb-caption-title-transform:var(--h2_typography-text-transform);--awb-caption-title-line-height:var(--h2_typography-line-height);--awb-caption-title-letter-spacing:var(--h2_typography-letter-spacing);\"><span class=\" fusion-imageframe imageframe-none imageframe-2 hover-type-none\"><img data-opt-id=2054941354  fetchpriority=\"high\" decoding=\"async\" width=\"1920\" height=\"1080\" title=\"Doreza (2)\" src=\"https:\/\/mltpmwosoojw.i.optimole.com\/w:auto\/h:auto\/q:mauto\/ig:avif\/https:\/\/www.alplast.si\/wp-content\/uploads\/2024\/09\/Doreza-2.png\" alt class=\"img-responsive wp-image-7786\" srcset=\"https:\/\/mltpmwosoojw.i.optimole.com\/w:200\/h:113\/q:mauto\/ig:avif\/https:\/\/www.alplast.si\/wp-content\/uploads\/2024\/09\/Doreza-2.png 200w, https:\/\/mltpmwosoojw.i.optimole.com\/w:400\/h:225\/q:mauto\/ig:avif\/https:\/\/www.alplast.si\/wp-content\/uploads\/2024\/09\/Doreza-2.png 400w, https:\/\/mltpmwosoojw.i.optimole.com\/w:600\/h:338\/q:mauto\/ig:avif\/https:\/\/www.alplast.si\/wp-content\/uploads\/2024\/09\/Doreza-2.png 600w, https:\/\/mltpmwosoojw.i.optimole.com\/w:800\/h:450\/q:mauto\/ig:avif\/https:\/\/www.alplast.si\/wp-content\/uploads\/2024\/09\/Doreza-2.png 800w, https:\/\/mltpmwosoojw.i.optimole.com\/w:1200\/h:675\/q:mauto\/ig:avif\/https:\/\/www.alplast.si\/wp-content\/uploads\/2024\/09\/Doreza-2.png 1200w, https:\/\/mltpmwosoojw.i.optimole.com\/w:1920\/h:1080\/q:mauto\/ig:avif\/https:\/\/www.alplast.si\/wp-content\/uploads\/2024\/09\/Doreza-2.png 1920w\" sizes=\"(max-width: 640px) 100vw, 400px\" \/><\/span><\/div><div class=\"fusion-text fusion-text-2 fusion-text-no-margin\" style=\"--awb-text-color:var(--awb-color6);--awb-margin-right:20px;--awb-margin-bottom:200px;--awb-margin-left:20px;\"><p class=\"p1\">Poign\u00e9es<\/p>\n<p class=\"p1\">Nous proposons une large gamme de poign\u00e9es de fen\u00eatre, incluant des designs modernes, des options haute s\u00e9curit\u00e9, ainsi que des mod\u00e8les fabriqu\u00e9s avec des mat\u00e9riaux de haute qualit\u00e9 comme l\u2019aluminium.<\/p>\n<\/div><\/div><\/div><div class=\"fusion-layout-column fusion_builder_column fusion-builder-column-2 fusion_builder_column_1_3 1_3 fusion-flex-column\" style=\"--awb-bg-color:var(--awb-color2);--awb-bg-color-hover:var(--awb-color2);--awb-bg-image:linear-gradient(180deg, var(--awb-color2) 0%,var(--awb-color3) 100%);--awb-bg-size:cover;--awb-width-large:33.333333333333%;--awb-margin-top-large:0px;--awb-spacing-right-large:5.76%;--awb-margin-bottom-large:20px;--awb-spacing-left-large:5.76%;--awb-width-medium:33.333333333333%;--awb-order-medium:0;--awb-spacing-right-medium:5.76%;--awb-spacing-left-medium:5.76%;--awb-width-small:100%;--awb-order-small:0;--awb-spacing-right-small:1.92%;--awb-spacing-left-small:1.92%;\" data-scroll-devices=\"small-visibility,medium-visibility,large-visibility\"><div class=\"fusion-column-wrapper fusion-column-has-shadow fusion-flex-justify-content-flex-start fusion-content-layout-column\"><div class=\"fusion-image-element \" style=\"--awb-caption-title-font-family:var(--h2_typography-font-family);--awb-caption-title-font-weight:var(--h2_typography-font-weight);--awb-caption-title-font-style:var(--h2_typography-font-style);--awb-caption-title-size:var(--h2_typography-font-size);--awb-caption-title-transform:var(--h2_typography-text-transform);--awb-caption-title-line-height:var(--h2_typography-line-height);--awb-caption-title-letter-spacing:var(--h2_typography-letter-spacing);\"><span class=\" fusion-imageframe imageframe-none imageframe-3 hover-type-none\"><img data-opt-id=1325063349  data-opt-src=\"https:\/\/www.alplastks.com\/wp-content\/uploads\/2024\/09\/LlajsneTermike-1024x576.png\"  decoding=\"async\" width=\"1024\" height=\"576\" title=\"LlajsneTermike\" src=\"data:image/svg+xml,%3Csvg%20viewBox%3D%220%200%201024%20576%22%20width%3D%221024%22%20height%3D%22576%22%20xmlns%3D%22http%3A%2F%2Fwww.w3.org%2F2000%2Fsvg%22%3E%3Crect%20width%3D%221024%22%20height%3D%22576%22%20fill%3D%22transparent%22%2F%3E%3C%2Fsvg%3E\" alt class=\"img-responsive wp-image-7774\" old-srcset=\"https:\/\/mltpmwosoojw.i.optimole.com\/w:200\/h:113\/q:mauto\/ig:avif\/https:\/\/www.alplast.si\/wp-content\/uploads\/2024\/09\/LlajsneTermike.png 200w, https:\/\/mltpmwosoojw.i.optimole.com\/w:400\/h:225\/q:mauto\/ig:avif\/https:\/\/www.alplast.si\/wp-content\/uploads\/2024\/09\/LlajsneTermike.png 400w, https:\/\/mltpmwosoojw.i.optimole.com\/w:600\/h:338\/q:mauto\/ig:avif\/https:\/\/www.alplast.si\/wp-content\/uploads\/2024\/09\/LlajsneTermike.png 600w, https:\/\/mltpmwosoojw.i.optimole.com\/w:800\/h:450\/q:mauto\/ig:avif\/https:\/\/www.alplast.si\/wp-content\/uploads\/2024\/09\/LlajsneTermike.png 800w, https:\/\/mltpmwosoojw.i.optimole.com\/w:1200\/h:675\/q:mauto\/ig:avif\/https:\/\/www.alplast.si\/wp-content\/uploads\/2024\/09\/LlajsneTermike.png 1200w, https:\/\/mltpmwosoojw.i.optimole.com\/w:1920\/h:1080\/q:mauto\/ig:avif\/https:\/\/www.alplast.si\/wp-content\/uploads\/2024\/09\/LlajsneTermike.png 1920w\" \/><\/span><\/div><div class=\"fusion-text fusion-text-3 fusion-text-no-margin\" style=\"--awb-text-color:var(--awb-color6);--awb-margin-top:50px;--awb-margin-right:20px;--awb-margin-bottom:150px;--awb-margin-left:20px;\"><p class=\"p1\"><b>Thermal Trims<\/b><b><\/b><\/p>\n<p class=\"p1\">The trims inside the glass we offer are made from specialized materials that help eliminate thermal bridges, enhancing the energy efficiency of the windows.<\/p>\n<\/div><\/div><\/div><div class=\"fusion-layout-column fusion_builder_column fusion-builder-column-3 fusion_builder_column_1_3 1_3 fusion-flex-column\" style=\"--awb-bg-color:var(--awb-color2);--awb-bg-color-hover:var(--awb-color2);--awb-bg-image:linear-gradient(180deg, var(--awb-color2) 0%,var(--awb-color3) 100%);--awb-bg-size:cover;--awb-width-large:33.333333333333%;--awb-margin-top-large:25px;--awb-spacing-right-large:5.76%;--awb-margin-bottom-large:20px;--awb-spacing-left-large:5.76%;--awb-width-medium:33.333333333333%;--awb-order-medium:0;--awb-spacing-right-medium:5.76%;--awb-spacing-left-medium:5.76%;--awb-width-small:100%;--awb-order-small:0;--awb-spacing-right-small:1.92%;--awb-spacing-left-small:1.92%;\" data-scroll-devices=\"small-visibility,medium-visibility,large-visibility\"><div class=\"fusion-column-wrapper fusion-column-has-shadow fusion-flex-justify-content-flex-start fusion-content-layout-column\"><div class=\"fusion-image-element \" style=\"--awb-caption-title-font-family:var(--h2_typography-font-family);--awb-caption-title-font-weight:var(--h2_typography-font-weight);--awb-caption-title-font-style:var(--h2_typography-font-style);--awb-caption-title-size:var(--h2_typography-font-size);--awb-caption-title-transform:var(--h2_typography-text-transform);--awb-caption-title-line-height:var(--h2_typography-line-height);--awb-caption-title-letter-spacing:var(--h2_typography-letter-spacing);\"><span class=\" fusion-imageframe imageframe-none imageframe-4 hover-type-none\"><img data-opt-id=1480112350  data-opt-src=\"https:\/\/www.alplastks.com\/wp-content\/uploads\/2024\/09\/Doreza-e-jashtme-1024x576.png\"  decoding=\"async\" width=\"1024\" height=\"576\" title=\"Doreza e jashtme\" src=\"data:image/svg+xml,%3Csvg%20viewBox%3D%220%200%201024%20576%22%20width%3D%221024%22%20height%3D%22576%22%20xmlns%3D%22http%3A%2F%2Fwww.w3.org%2F2000%2Fsvg%22%3E%3Crect%20width%3D%221024%22%20height%3D%22576%22%20fill%3D%22transparent%22%2F%3E%3C%2Fsvg%3E\" alt class=\"img-responsive wp-image-7780\" old-srcset=\"https:\/\/mltpmwosoojw.i.optimole.com\/w:200\/h:113\/q:mauto\/ig:avif\/https:\/\/www.alplast.si\/wp-content\/uploads\/2024\/09\/Doreza-e-jashtme.png 200w, https:\/\/mltpmwosoojw.i.optimole.com\/w:400\/h:225\/q:mauto\/ig:avif\/https:\/\/www.alplast.si\/wp-content\/uploads\/2024\/09\/Doreza-e-jashtme.png 400w, https:\/\/mltpmwosoojw.i.optimole.com\/w:600\/h:338\/q:mauto\/ig:avif\/https:\/\/www.alplast.si\/wp-content\/uploads\/2024\/09\/Doreza-e-jashtme.png 600w, https:\/\/mltpmwosoojw.i.optimole.com\/w:800\/h:450\/q:mauto\/ig:avif\/https:\/\/www.alplast.si\/wp-content\/uploads\/2024\/09\/Doreza-e-jashtme.png 800w, https:\/\/mltpmwosoojw.i.optimole.com\/w:1200\/h:675\/q:mauto\/ig:avif\/https:\/\/www.alplast.si\/wp-content\/uploads\/2024\/09\/Doreza-e-jashtme.png 1200w, https:\/\/mltpmwosoojw.i.optimole.com\/w:1920\/h:1080\/q:mauto\/ig:avif\/https:\/\/www.alplast.si\/wp-content\/uploads\/2024\/09\/Doreza-e-jashtme.png 1920w\" \/><\/span><\/div><div class=\"fusion-text fusion-text-4 fusion-text-no-margin\" style=\"--awb-text-color:var(--awb-color6);--awb-margin-right:20px;--awb-margin-bottom:145px;--awb-margin-left:20px;\"><p class=\"p1\">Poign\u00e9es de tirage<\/p>\n<p class=\"p1\">Les poign\u00e9es de tirage sont un accessoire essentiel pour les fen\u00eatres de balcon. Leurs designs innovants et leurs formes ergonomiques offrent un syst\u00e8me de montage s\u00e9curis\u00e9 et esth\u00e9tiquement agr\u00e9able.<\/p>\n<\/div><\/div><\/div><div class=\"fusion-layout-column fusion_builder_column fusion-builder-column-4 fusion_builder_column_1_3 1_3 fusion-flex-column\" style=\"--awb-bg-color:var(--awb-color2);--awb-bg-color-hover:var(--awb-color2);--awb-bg-image:linear-gradient(180deg, var(--awb-color2) 0%,var(--awb-color3) 100%);--awb-bg-size:cover;--awb-width-large:33.333333333333%;--awb-margin-top-large:25px;--awb-spacing-right-large:5.76%;--awb-margin-bottom-large:20px;--awb-spacing-left-large:5.76%;--awb-width-medium:33.333333333333%;--awb-order-medium:0;--awb-spacing-right-medium:5.76%;--awb-spacing-left-medium:5.76%;--awb-width-small:100%;--awb-order-small:0;--awb-spacing-right-small:1.92%;--awb-spacing-left-small:1.92%;\" data-scroll-devices=\"small-visibility,medium-visibility,large-visibility\"><div class=\"fusion-column-wrapper fusion-column-has-shadow fusion-flex-justify-content-flex-start fusion-content-layout-column\"><div class=\"fusion-image-element \" style=\"--awb-caption-title-font-family:var(--h2_typography-font-family);--awb-caption-title-font-weight:var(--h2_typography-font-weight);--awb-caption-title-font-style:var(--h2_typography-font-style);--awb-caption-title-size:var(--h2_typography-font-size);--awb-caption-title-transform:var(--h2_typography-text-transform);--awb-caption-title-line-height:var(--h2_typography-line-height);--awb-caption-title-letter-spacing:var(--h2_typography-letter-spacing);\"><span class=\" fusion-imageframe imageframe-none imageframe-5 hover-type-none\"><img data-opt-id=501128101  data-opt-src=\"https:\/\/mltpmwosoojw.i.optimole.com\/w:auto\/h:auto\/q:mauto\/ig:avif\/https:\/\/www.alplast.si\/wp-content\/uploads\/2024\/09\/Ventilim.png\"  decoding=\"async\" width=\"1920\" height=\"1080\" title=\"Ventilim\" src=\"data:image/svg+xml,%3Csvg%20viewBox%3D%220%200%20100%%20100%%22%20width%3D%22100%%22%20height%3D%22100%%22%20xmlns%3D%22http%3A%2F%2Fwww.w3.org%2F2000%2Fsvg%22%3E%3Crect%20width%3D%22100%%22%20height%3D%22100%%22%20fill%3D%22transparent%22%2F%3E%3C%2Fsvg%3E\" alt class=\"img-responsive wp-image-7789\" old-srcset=\"https:\/\/mltpmwosoojw.i.optimole.com\/w:200\/h:113\/q:mauto\/ig:avif\/https:\/\/www.alplast.si\/wp-content\/uploads\/2024\/09\/Ventilim.png 200w, https:\/\/mltpmwosoojw.i.optimole.com\/w:400\/h:225\/q:mauto\/ig:avif\/https:\/\/www.alplast.si\/wp-content\/uploads\/2024\/09\/Ventilim.png 400w, https:\/\/mltpmwosoojw.i.optimole.com\/w:600\/h:338\/q:mauto\/ig:avif\/https:\/\/www.alplast.si\/wp-content\/uploads\/2024\/09\/Ventilim.png 600w, https:\/\/mltpmwosoojw.i.optimole.com\/w:800\/h:450\/q:mauto\/ig:avif\/https:\/\/www.alplast.si\/wp-content\/uploads\/2024\/09\/Ventilim.png 800w, https:\/\/mltpmwosoojw.i.optimole.com\/w:1200\/h:675\/q:mauto\/ig:avif\/https:\/\/www.alplast.si\/wp-content\/uploads\/2024\/09\/Ventilim.png 1200w, https:\/\/mltpmwosoojw.i.optimole.com\/w:1920\/h:1080\/q:mauto\/ig:avif\/https:\/\/www.alplast.si\/wp-content\/uploads\/2024\/09\/Ventilim.png 1920w\" \/><\/span><\/div><div class=\"fusion-text fusion-text-5 fusion-text-no-margin\" style=\"--awb-text-color:var(--awb-color6);--awb-margin-right:20px;--awb-margin-bottom:170px;--awb-margin-left:20px;\"><p class=\"p1\">Ventilation d\u2019air<\/p>\n<p class=\"p1\">Chez ALPLAST, nous proposons des syst\u00e8mes de ventilation automatique adapt\u00e9s aux fen\u00eatres en PVC, \u00e9galement disponibles avec r\u00e9glage manuel pour une flexibilit\u00e9 et un confort optimaux.<\/p>\n<\/div><\/div><\/div><div class=\"fusion-layout-column fusion_builder_column fusion-builder-column-5 fusion_builder_column_1_3 1_3 fusion-flex-column\" style=\"--awb-bg-color:var(--awb-color2);--awb-bg-color-hover:var(--awb-color2);--awb-bg-image:linear-gradient(180deg, var(--awb-color2) 0%,var(--awb-color3) 100%);--awb-bg-size:cover;--awb-width-large:33.333333333333%;--awb-margin-top-large:25px;--awb-spacing-right-large:5.76%;--awb-margin-bottom-large:20px;--awb-spacing-left-large:5.76%;--awb-width-medium:33.333333333333%;--awb-order-medium:0;--awb-spacing-right-medium:5.76%;--awb-spacing-left-medium:5.76%;--awb-width-small:100%;--awb-order-small:0;--awb-spacing-right-small:1.92%;--awb-spacing-left-small:1.92%;\" data-scroll-devices=\"small-visibility,medium-visibility,large-visibility\"><div class=\"fusion-column-wrapper fusion-column-has-shadow fusion-flex-justify-content-flex-start fusion-content-layout-column\"><div class=\"fusion-image-element \" style=\"--awb-caption-title-font-family:var(--h2_typography-font-family);--awb-caption-title-font-weight:var(--h2_typography-font-weight);--awb-caption-title-font-style:var(--h2_typography-font-style);--awb-caption-title-size:var(--h2_typography-font-size);--awb-caption-title-transform:var(--h2_typography-text-transform);--awb-caption-title-line-height:var(--h2_typography-line-height);--awb-caption-title-letter-spacing:var(--h2_typography-letter-spacing);\"><span class=\" fusion-imageframe imageframe-none imageframe-6 hover-type-none\"><img data-opt-id=1619176772  data-opt-src=\"https:\/\/mltpmwosoojw.i.optimole.com\/w:auto\/h:auto\/q:mauto\/ig:avif\/https:\/\/www.alplast.si\/wp-content\/uploads\/2024\/09\/PIkoreALu.png\"  decoding=\"async\" width=\"710\" height=\"750\" title=\"PIkoreALu\" src=\"data:image/svg+xml,%3Csvg%20viewBox%3D%220%200%20100%%20100%%22%20width%3D%22100%%22%20height%3D%22100%%22%20xmlns%3D%22http%3A%2F%2Fwww.w3.org%2F2000%2Fsvg%22%3E%3Crect%20width%3D%22100%%22%20height%3D%22100%%22%20fill%3D%22transparent%22%2F%3E%3C%2Fsvg%3E\" alt class=\"img-responsive wp-image-7795\" old-srcset=\"https:\/\/mltpmwosoojw.i.optimole.com\/w:200\/h:211\/q:mauto\/ig:avif\/https:\/\/www.alplast.si\/wp-content\/uploads\/2024\/09\/PIkoreALu.png 200w, https:\/\/mltpmwosoojw.i.optimole.com\/w:400\/h:423\/q:mauto\/ig:avif\/https:\/\/www.alplast.si\/wp-content\/uploads\/2024\/09\/PIkoreALu.png 400w, https:\/\/mltpmwosoojw.i.optimole.com\/w:600\/h:634\/q:mauto\/ig:avif\/https:\/\/www.alplast.si\/wp-content\/uploads\/2024\/09\/PIkoreALu.png 600w, https:\/\/mltpmwosoojw.i.optimole.com\/w:710\/h:750\/q:mauto\/ig:avif\/https:\/\/www.alplast.si\/wp-content\/uploads\/2024\/09\/PIkoreALu.png 710w\" \/><\/span><\/div><div class=\"fusion-text fusion-text-6\" style=\"--awb-text-color:var(--awb-color6);--awb-margin-right:20px;--awb-margin-left:20px;\"><p class=\"p1\">Capots d\u2019\u00e9gouttement en aluminium<\/p>\n<p class=\"p1\">Emp\u00eachez l\u2019eau de s\u2019infiltrer sur la fa\u00e7ade de votre maison. Les capots d\u2019\u00e9gouttement en aluminium offrent une solution efficace et durable pour prot\u00e9ger votre b\u00e2timent.<\/p>\n<\/div><\/div><\/div><div class=\"fusion-layout-column fusion_builder_column fusion-builder-column-6 fusion_builder_column_1_3 1_3 fusion-flex-column\" style=\"--awb-bg-color:var(--awb-color2);--awb-bg-color-hover:var(--awb-color2);--awb-bg-image:linear-gradient(180deg, var(--awb-color2) 0%,var(--awb-color3) 100%);--awb-bg-size:cover;--awb-width-large:33.333333333333%;--awb-margin-top-large:25px;--awb-spacing-right-large:5.76%;--awb-margin-bottom-large:20px;--awb-spacing-left-large:5.76%;--awb-width-medium:33.333333333333%;--awb-order-medium:0;--awb-spacing-right-medium:5.76%;--awb-spacing-left-medium:5.76%;--awb-width-small:100%;--awb-order-small:0;--awb-spacing-right-small:1.92%;--awb-spacing-left-small:1.92%;\" data-scroll-devices=\"small-visibility,medium-visibility,large-visibility\"><div class=\"fusion-column-wrapper fusion-column-has-shadow fusion-flex-justify-content-flex-start fusion-content-layout-column\"><div class=\"fusion-image-element \" style=\"--awb-caption-title-font-family:var(--h2_typography-font-family);--awb-caption-title-font-weight:var(--h2_typography-font-weight);--awb-caption-title-font-style:var(--h2_typography-font-style);--awb-caption-title-size:var(--h2_typography-font-size);--awb-caption-title-transform:var(--h2_typography-text-transform);--awb-caption-title-line-height:var(--h2_typography-line-height);--awb-caption-title-letter-spacing:var(--h2_typography-letter-spacing);\"><span class=\" fusion-imageframe imageframe-none imageframe-7 hover-type-none\"><img data-opt-id=1054284850  data-opt-src=\"https:\/\/mltpmwosoojw.i.optimole.com\/w:auto\/h:auto\/q:mauto\/ig:avif\/https:\/\/www.alplast.si\/wp-content\/uploads\/2024\/09\/BarrieraXhami.webp\"  decoding=\"async\" width=\"1000\" height=\"1000\" title=\"BarrieraXhami\" src=\"data:image/svg+xml,%3Csvg%20viewBox%3D%220%200%20100%%20100%%22%20width%3D%22100%%22%20height%3D%22100%%22%20xmlns%3D%22http%3A%2F%2Fwww.w3.org%2F2000%2Fsvg%22%3E%3Crect%20width%3D%22100%%22%20height%3D%22100%%22%20fill%3D%22transparent%22%2F%3E%3C%2Fsvg%3E\" alt class=\"img-responsive wp-image-7792\" old-srcset=\"https:\/\/mltpmwosoojw.i.optimole.com\/w:66\/h:66\/q:mauto\/ig:avif\/https:\/\/www.alplast.si\/wp-content\/uploads\/2024\/09\/BarrieraXhami.webp 66w, https:\/\/mltpmwosoojw.i.optimole.com\/w:150\/h:150\/q:mauto\/ig:avif\/https:\/\/www.alplast.si\/wp-content\/uploads\/2024\/09\/BarrieraXhami.webp 150w, https:\/\/mltpmwosoojw.i.optimole.com\/w:200\/h:200\/q:mauto\/ig:avif\/https:\/\/www.alplast.si\/wp-content\/uploads\/2024\/09\/BarrieraXhami.webp 200w, https:\/\/mltpmwosoojw.i.optimole.com\/w:300\/h:300\/q:mauto\/ig:avif\/https:\/\/www.alplast.si\/wp-content\/uploads\/2024\/09\/BarrieraXhami.webp 300w, https:\/\/mltpmwosoojw.i.optimole.com\/w:400\/h:400\/q:mauto\/ig:avif\/https:\/\/www.alplast.si\/wp-content\/uploads\/2024\/09\/BarrieraXhami.webp 400w, https:\/\/mltpmwosoojw.i.optimole.com\/w:600\/h:600\/q:mauto\/ig:avif\/https:\/\/www.alplast.si\/wp-content\/uploads\/2024\/09\/BarrieraXhami.webp 600w, https:\/\/mltpmwosoojw.i.optimole.com\/w:768\/h:768\/q:mauto\/ig:avif\/https:\/\/www.alplast.si\/wp-content\/uploads\/2024\/09\/BarrieraXhami.webp 768w, https:\/\/mltpmwosoojw.i.optimole.com\/w:800\/h:800\/q:mauto\/ig:avif\/https:\/\/www.alplast.si\/wp-content\/uploads\/2024\/09\/BarrieraXhami.webp 800w, https:\/\/mltpmwosoojw.i.optimole.com\/w:1000\/h:1000\/q:mauto\/ig:avif\/https:\/\/www.alplast.si\/wp-content\/uploads\/2024\/09\/BarrieraXhami.webp 1000w\" \/><\/span><\/div><div class=\"fusion-text fusion-text-7\" style=\"--awb-text-color:var(--awb-color6);--awb-margin-right:20px;--awb-margin-left:20px;\"><p class=\"p1\">Garde-corps en verre<\/p>\n<p class=\"p1\">Con\u00e7u pour offrir une protection aux fen\u00eatres de grande hauteur sans obstruer la vue, le garde-corps en verre peut accueillir du verre transparent ou d\u00e9poli jusqu\u2019\u00e0 1 m\u00e8tre de hauteur. La largeur maximale d\u00e9pend de l\u2019\u00e9paisseur du verre choisi.<\/p>\n<\/div><\/div><\/div><\/div><\/div>\n","protected":false},"excerpt":{"rendered":"","protected":false},"author":1,"featured_media":0,"parent":0,"menu_order":0,"comment_status":"closed","ping_status":"closed","template":"","meta":{"_oct_exclude_from_cache":false,"footnotes":""},"class_list":["post-8468","page","type-page","status-publish","hentry"],"_links":{"self":[{"href":"https:\/\/www.alplast.si\/fr\/wp-json\/wp\/v2\/pages\/8468","targetHints":{"allow":["GET"]}}],"collection":[{"href":"https:\/\/www.alplast.si\/fr\/wp-json\/wp\/v2\/pages"}],"about":[{"href":"https:\/\/www.alplast.si\/fr\/wp-json\/wp\/v2\/types\/page"}],"author":[{"embeddable":true,"href":"https:\/\/www.alplast.si\/fr\/wp-json\/wp\/v2\/users\/1"}],"replies":[{"embeddable":true,"href":"https:\/\/www.alplast.si\/fr\/wp-json\/wp\/v2\/comments?post=8468"}],"version-history":[{"count":6,"href":"https:\/\/www.alplast.si\/fr\/wp-json\/wp\/v2\/pages\/8468\/revisions"}],"predecessor-version":[{"id":9166,"href":"https:\/\/www.alplast.si\/fr\/wp-json\/wp\/v2\/pages\/8468\/revisions\/9166"}],"wp:attachment":[{"href":"https:\/\/www.alplast.si\/fr\/wp-json\/wp\/v2\/media?parent=8468"}],"curies":[{"name":"wp","href":"https:\/\/api.w.org\/{rel}","templated":true}]}}