{"id":8477,"date":"2024-08-30T09:27:17","date_gmt":"2024-08-30T08:27:17","guid":{"rendered":"https:\/\/www.alplast.si\/eng-slidingdoors\/"},"modified":"2025-08-29T06:01:00","modified_gmt":"2025-08-29T05:01:00","slug":"portes-coulissantes","status":"publish","type":"page","link":"https:\/\/www.alplast.si\/fr\/portes-coulissantes\/","title":{"rendered":"Portes coulissantes"},"content":{"rendered":"<p><div class=\"fusion-fullwidth fullwidth-box fusion-builder-row-1 fusion-flex-container has-pattern-background has-mask-background nonhundred-percent-fullwidth non-hundred-percent-height-scrolling\" style=\"--link_hover_color: #a819e5;--link_color: var(--awb-color5);--awb-background-position:center bottom;--awb-border-sizes-top:0px;--awb-border-sizes-bottom:0px;--awb-border-sizes-left:0px;--awb-border-sizes-right:0px;--awb-border-color:#d1d1d1;--awb-border-radius-top-left:0px;--awb-border-radius-top-right:0px;--awb-border-radius-bottom-right:0px;--awb-border-radius-bottom-left:0px;--awb-padding-top:30px;--awb-padding-right:30px;--awb-padding-bottom:30px;--awb-padding-left:30px;--awb-padding-top-medium:72px;--awb-padding-bottom-medium:72px;--awb-padding-top-small:48px;--awb-padding-bottom-small:48px;--awb-padding-left-small:30px;--awb-margin-top:0px;--awb-margin-bottom:0px;--awb-background-color:var(--awb-color1);--awb-background-image:linear-gradient(148deg, var(--awb-color1) 62%,var(--awb-color1) 87%);--awb-flex-wrap:wrap;\" ><div class=\"fusion-builder-row fusion-row fusion-flex-align-items-stretch fusion-flex-content-wrap\" style=\"max-width:1216.8px;margin-left: calc(-4% \/ 2 );margin-right: calc(-4% \/ 2 );\"><div class=\"fusion-layout-column fusion_builder_column fusion-builder-column-0 fusion_builder_column_1_2 1_2 fusion-flex-column fusion-animated\" style=\"--awb-bg-position:center center;--awb-bg-blend:multiply;--awb-bg-size:cover;--awb-width-large:50%;--awb-margin-top-large:0px;--awb-spacing-right-large:13.44%;--awb-margin-bottom-large:0px;--awb-spacing-left-large:3.84%;--awb-width-medium:40%;--awb-order-medium:0;--awb-spacing-right-medium:9.6%;--awb-spacing-left-medium:4.8%;--awb-width-small:100%;--awb-order-small:0;--awb-spacing-right-small:1.92%;--awb-margin-bottom-small:40px;--awb-spacing-left-small:1.92%;\" data-animationType=\"fadeInRight\" data-animationDuration=\"1.3\" data-animationOffset=\"top-into-view\"><div class=\"fusion-column-wrapper fusion-column-has-shadow fusion-flex-justify-content-center fusion-content-layout-column\"><div class=\"fusion-image-element \" style=\"--awb-caption-overlay-color:#ffffff;--awb-caption-title-font-family:var(--h2_typography-font-family);--awb-caption-title-font-weight:var(--h2_typography-font-weight);--awb-caption-title-font-style:var(--h2_typography-font-style);--awb-caption-title-size:var(--h2_typography-font-size);--awb-caption-title-transform:var(--h2_typography-text-transform);--awb-caption-title-line-height:var(--h2_typography-line-height);--awb-caption-title-letter-spacing:var(--h2_typography-letter-spacing);\"><span class=\" fusion-imageframe imageframe-none imageframe-1 hover-type-none\"><img data-opt-id=1294378249  fetchpriority=\"high\" decoding=\"async\" width=\"920\" height=\"690\" title=\"Rreshqitese\" src=\"https:\/\/mltpmwosoojw.i.optimole.com\/w:auto\/h:auto\/q:mauto\/ig:avif\/https:\/\/www.alplast.si\/wp-content\/uploads\/2024\/08\/Home28-1.png\" alt class=\"img-responsive wp-image-7657\" srcset=\"https:\/\/mltpmwosoojw.i.optimole.com\/w:200\/h:150\/q:mauto\/ig:avif\/https:\/\/www.alplast.si\/wp-content\/uploads\/2024\/08\/Home28-1.png 200w, https:\/\/mltpmwosoojw.i.optimole.com\/w:400\/h:300\/q:mauto\/ig:avif\/https:\/\/www.alplast.si\/wp-content\/uploads\/2024\/08\/Home28-1.png 400w, https:\/\/mltpmwosoojw.i.optimole.com\/w:600\/h:450\/q:mauto\/ig:avif\/https:\/\/www.alplast.si\/wp-content\/uploads\/2024\/08\/Home28-1.png 600w, https:\/\/mltpmwosoojw.i.optimole.com\/w:800\/h:600\/q:mauto\/ig:avif\/https:\/\/www.alplast.si\/wp-content\/uploads\/2024\/08\/Home28-1.png 800w, https:\/\/mltpmwosoojw.i.optimole.com\/w:920\/h:690\/q:mauto\/ig:avif\/https:\/\/www.alplast.si\/wp-content\/uploads\/2024\/08\/Home28-1.png 920w\" sizes=\"(max-width: 640px) 100vw, 600px\" \/><\/span><\/div><\/div><\/div><div class=\"fusion-layout-column fusion_builder_column fusion-builder-column-1 fusion_builder_column_1_2 1_2 fusion-flex-column fusion-animated\" style=\"--awb-bg-size:cover;--awb-width-large:50%;--awb-margin-top-large:0px;--awb-spacing-right-large:3.84%;--awb-margin-bottom-large:20px;--awb-spacing-left-large:3.84%;--awb-width-medium:60%;--awb-order-medium:0;--awb-margin-top-medium:2vw;--awb-spacing-right-medium:3.2%;--awb-margin-bottom-medium:2vw;--awb-spacing-left-medium:3.2%;--awb-width-small:100%;--awb-order-small:1;--awb-spacing-right-small:1.92%;--awb-spacing-left-small:1.92%;\" data-animationType=\"fadeInLeft\" data-animationDuration=\"1.3\" data-animationOffset=\"top-into-view\"><div class=\"fusion-column-wrapper fusion-column-has-shadow fusion-flex-justify-content-center fusion-content-layout-column\"><div class=\"fusion-title title fusion-title-1 fusion-sep-none fusion-title-text fusion-title-size-one\" style=\"--awb-text-color:var(--awb-color6);--awb-margin-bottom:30px;--awb-sep-color:#d1d1d1;--awb-font-size:62px;\"><h1 class=\"fusion-title-heading title-heading-left\" style=\"margin:0;font-size:1em;letter-spacing:-2px;text-transform:var(--awb-typography1-text-transform);line-height:1.2;\"><span style=\"color: #000000;\">PVC<\/span><\/h1><\/div><div class=\"fusion-text fusion-text-1 fusion-text-no-margin\" style=\"--awb-font-size:22px;--awb-line-height:1.7;--awb-letter-spacing:0px;--awb-text-transform:var(--awb-typography4-text-transform);--awb-text-color:var(--awb-color6);--awb-margin-right:15%;--awb-margin-bottom:45px;\"><p class=\"p1\">Les syst\u00e8mes coulissants en PVC apportent plus de lumi\u00e8re aux espaces int\u00e9rieurs gr\u00e2ce \u00e0 leurs surfaces vitr\u00e9es exceptionnellement larges.<\/p>\n<\/div><div ><a class=\"fusion-button button-flat fusion-button-default-size button-default fusion-button-default button-1 fusion-button-default-span \" style=\"--button_bevel_color:#ff5e3d;--button_bevel_color_hover:#ff5e3d;--button-border-radius-top-left:0;--button-border-radius-top-right:0;--button-border-radius-bottom-right:0;--button-border-radius-bottom-left:0;--button_text_transform:var(--awb-typography3-text-transform);--button_font_size:18px;--button_line_height:1.7;--button_padding-top:20px;--button_padding-right:40px;--button_padding-bottom:20px;--button_padding-left:40px;--button_typography-letter-spacing:0px;\" target=\"_self\" href=\"https:\/\/www.alplast.si\/eng-slidingdoorsupvc\/\"><span class=\"fusion-button-text awb-button__text awb-button__text--default\">\n<p class=\"p1\">En savoir plus\u2026<\/p>\n<\/span><\/a><\/div><\/div><\/div><\/div><\/div><div class=\"fusion-fullwidth fullwidth-box fusion-builder-row-2 fusion-flex-container has-pattern-background has-mask-background nonhundred-percent-fullwidth non-hundred-percent-height-scrolling\" style=\"--awb-border-radius-top-left:0px;--awb-border-radius-top-right:0px;--awb-border-radius-bottom-right:0px;--awb-border-radius-bottom-left:0px;--awb-flex-wrap:wrap;\" ><div class=\"fusion-builder-row fusion-row fusion-flex-align-items-flex-start fusion-flex-content-wrap\" style=\"max-width:1216.8px;margin-left: calc(-4% \/ 2 );margin-right: calc(-4% \/ 2 );\"><div class=\"fusion-layout-column fusion_builder_column fusion-builder-column-2 fusion_builder_column_1_1 1_1 fusion-flex-column\" style=\"--awb-bg-size:cover;--awb-width-large:100%;--awb-margin-top-large:0px;--awb-spacing-right-large:1.92%;--awb-margin-bottom-large:20px;--awb-spacing-left-large:1.92%;--awb-width-medium:100%;--awb-order-medium:0;--awb-spacing-right-medium:1.92%;--awb-spacing-left-medium:1.92%;--awb-width-small:100%;--awb-order-small:0;--awb-spacing-right-small:1.92%;--awb-spacing-left-small:1.92%;\"><div class=\"fusion-column-wrapper fusion-column-has-shadow fusion-flex-justify-content-flex-start fusion-content-layout-column\"><div class=\"fusion-separator fusion-full-width-sep\" style=\"align-self: center;margin-left: auto;margin-right: auto;width:100%;\"><div class=\"fusion-separator-border sep-single sep-solid\" style=\"--awb-height:20px;--awb-amount:20px;--awb-sep-color:var(--awb-color4);border-color:var(--awb-color4);border-top-width:1px;\"><\/div><\/div><\/div><\/div><\/div><\/div><div class=\"fusion-fullwidth fullwidth-box fusion-builder-row-3 fusion-flex-container has-pattern-background has-mask-background nonhundred-percent-fullwidth non-hundred-percent-height-scrolling\" style=\"--link_hover_color: #a819e5;--link_color: var(--awb-color5);--awb-background-position:center bottom;--awb-border-sizes-top:0px;--awb-border-sizes-bottom:0px;--awb-border-sizes-left:0px;--awb-border-sizes-right:0px;--awb-border-color:#d1d1d1;--awb-border-radius-top-left:0px;--awb-border-radius-top-right:0px;--awb-border-radius-bottom-right:0px;--awb-border-radius-bottom-left:0px;--awb-padding-top:30px;--awb-padding-right:30px;--awb-padding-bottom:30px;--awb-padding-left:30px;--awb-padding-top-medium:72px;--awb-padding-bottom-medium:72px;--awb-padding-top-small:48px;--awb-padding-bottom-small:48px;--awb-padding-left-small:30px;--awb-margin-top:0px;--awb-margin-bottom:0px;--awb-background-color:#09030c;--awb-background-image:linear-gradient(148deg, var(--awb-color1) 62%,var(--awb-color1) 87%);--awb-flex-wrap:wrap;\" ><div class=\"fusion-builder-row fusion-row fusion-flex-align-items-stretch fusion-flex-content-wrap\" style=\"max-width:1216.8px;margin-left: calc(-4% \/ 2 );margin-right: calc(-4% \/ 2 );\"><div class=\"fusion-layout-column fusion_builder_column fusion-builder-column-3 fusion_builder_column_1_2 1_2 fusion-flex-column fusion-animated\" style=\"--awb-bg-position:center center;--awb-bg-blend:multiply;--awb-bg-size:cover;--awb-width-large:50%;--awb-margin-top-large:0px;--awb-spacing-right-large:13.44%;--awb-margin-bottom-large:0px;--awb-spacing-left-large:3.84%;--awb-width-medium:40%;--awb-order-medium:0;--awb-spacing-right-medium:9.6%;--awb-spacing-left-medium:4.8%;--awb-width-small:100%;--awb-order-small:0;--awb-spacing-right-small:1.92%;--awb-margin-bottom-small:40px;--awb-spacing-left-small:1.92%;\" data-animationType=\"fadeInRight\" data-animationDuration=\"1.3\" data-animationOffset=\"top-into-view\"><div class=\"fusion-column-wrapper fusion-column-has-shadow fusion-flex-justify-content-center fusion-content-layout-column\"><div class=\"fusion-image-element \" style=\"--awb-caption-overlay-color:#ffffff;--awb-caption-title-font-family:var(--h2_typography-font-family);--awb-caption-title-font-weight:var(--h2_typography-font-weight);--awb-caption-title-font-style:var(--h2_typography-font-style);--awb-caption-title-size:var(--h2_typography-font-size);--awb-caption-title-transform:var(--h2_typography-text-transform);--awb-caption-title-line-height:var(--h2_typography-line-height);--awb-caption-title-letter-spacing:var(--h2_typography-letter-spacing);\"><span class=\" fusion-imageframe imageframe-none imageframe-2 hover-type-none\"><img data-opt-id=1773669639  fetchpriority=\"high\" decoding=\"async\" width=\"920\" height=\"690\" title=\"Rreshqitese\" src=\"https:\/\/mltpmwosoojw.i.optimole.com\/w:auto\/h:auto\/q:mauto\/ig:avif\/https:\/\/www.alplast.si\/wp-content\/uploads\/2024\/08\/Home35.png\" alt class=\"img-responsive wp-image-7654\" srcset=\"https:\/\/mltpmwosoojw.i.optimole.com\/w:200\/h:150\/q:mauto\/ig:avif\/https:\/\/www.alplast.si\/wp-content\/uploads\/2024\/08\/Home35.png 200w, https:\/\/mltpmwosoojw.i.optimole.com\/w:400\/h:300\/q:mauto\/ig:avif\/https:\/\/www.alplast.si\/wp-content\/uploads\/2024\/08\/Home35.png 400w, https:\/\/mltpmwosoojw.i.optimole.com\/w:600\/h:450\/q:mauto\/ig:avif\/https:\/\/www.alplast.si\/wp-content\/uploads\/2024\/08\/Home35.png 600w, https:\/\/mltpmwosoojw.i.optimole.com\/w:800\/h:600\/q:mauto\/ig:avif\/https:\/\/www.alplast.si\/wp-content\/uploads\/2024\/08\/Home35.png 800w, https:\/\/mltpmwosoojw.i.optimole.com\/w:920\/h:690\/q:mauto\/ig:avif\/https:\/\/www.alplast.si\/wp-content\/uploads\/2024\/08\/Home35.png 920w\" sizes=\"(max-width: 640px) 100vw, 600px\" \/><\/span><\/div><\/div><\/div><div class=\"fusion-layout-column fusion_builder_column fusion-builder-column-4 fusion_builder_column_1_2 1_2 fusion-flex-column fusion-animated\" style=\"--awb-bg-size:cover;--awb-width-large:50%;--awb-margin-top-large:0px;--awb-spacing-right-large:3.84%;--awb-margin-bottom-large:20px;--awb-spacing-left-large:3.84%;--awb-width-medium:60%;--awb-order-medium:0;--awb-margin-top-medium:2vw;--awb-spacing-right-medium:3.2%;--awb-margin-bottom-medium:2vw;--awb-spacing-left-medium:3.2%;--awb-width-small:100%;--awb-order-small:1;--awb-spacing-right-small:1.92%;--awb-spacing-left-small:1.92%;\" data-animationType=\"fadeInLeft\" data-animationDuration=\"1.3\" data-animationOffset=\"top-into-view\"><div class=\"fusion-column-wrapper fusion-column-has-shadow fusion-flex-justify-content-center fusion-content-layout-column\"><div class=\"fusion-title title fusion-title-2 fusion-sep-none fusion-title-text fusion-title-size-one\" style=\"--awb-text-color:var(--awb-color6);--awb-margin-bottom:30px;--awb-sep-color:#d1d1d1;--awb-font-size:62px;\"><h1 class=\"fusion-title-heading title-heading-left\" style=\"margin:0;font-size:1em;letter-spacing:-2px;text-transform:var(--awb-typography1-text-transform);line-height:1.2;\"><p class=\"p1\">Aluminium<\/p><\/h1><\/div><div class=\"fusion-text fusion-text-2 fusion-text-no-margin\" style=\"--awb-font-size:22px;--awb-line-height:1.7;--awb-letter-spacing:0px;--awb-text-transform:var(--awb-typography4-text-transform);--awb-text-color:var(--awb-color6);--awb-margin-right:15%;--awb-margin-bottom:45px;\"><p class=\"p1\">La grande durabilit\u00e9 qui caract\u00e9rise les syst\u00e8mes coulissants en aluminium est l\u2019un des principaux avantages de cette solution.<\/p>\n<\/div><div ><a class=\"fusion-button button-flat fusion-button-default-size button-default fusion-button-default button-2 fusion-button-default-span \" style=\"--button_bevel_color:#ff5e3d;--button_bevel_color_hover:#ff5e3d;--button-border-radius-top-left:0;--button-border-radius-top-right:0;--button-border-radius-bottom-right:0;--button-border-radius-bottom-left:0;--button_text_transform:var(--awb-typography3-text-transform);--button_font_size:18px;--button_line_height:1.7;--button_padding-top:20px;--button_padding-right:40px;--button_padding-bottom:20px;--button_padding-left:40px;--button_typography-letter-spacing:0px;\" target=\"_self\" href=\"#\"><span class=\"fusion-button-text awb-button__text awb-button__text--default\">\n<p class=\"p1\">Bient\u00f4t disponible !<\/p>\n<\/span><\/a><\/div><\/div><\/div><\/div><\/div><\/p>\n","protected":false},"excerpt":{"rendered":"","protected":false},"author":1,"featured_media":0,"parent":0,"menu_order":0,"comment_status":"closed","ping_status":"closed","template":"","meta":{"_oct_exclude_from_cache":false,"footnotes":""},"class_list":["post-8477","page","type-page","status-publish","hentry"],"_links":{"self":[{"href":"https:\/\/www.alplast.si\/fr\/wp-json\/wp\/v2\/pages\/8477","targetHints":{"allow":["GET"]}}],"collection":[{"href":"https:\/\/www.alplast.si\/fr\/wp-json\/wp\/v2\/pages"}],"about":[{"href":"https:\/\/www.alplast.si\/fr\/wp-json\/wp\/v2\/types\/page"}],"author":[{"embeddable":true,"href":"https:\/\/www.alplast.si\/fr\/wp-json\/wp\/v2\/users\/1"}],"replies":[{"embeddable":true,"href":"https:\/\/www.alplast.si\/fr\/wp-json\/wp\/v2\/comments?post=8477"}],"version-history":[{"count":7,"href":"https:\/\/www.alplast.si\/fr\/wp-json\/wp\/v2\/pages\/8477\/revisions"}],"predecessor-version":[{"id":9251,"href":"https:\/\/www.alplast.si\/fr\/wp-json\/wp\/v2\/pages\/8477\/revisions\/9251"}],"wp:attachment":[{"href":"https:\/\/www.alplast.si\/fr\/wp-json\/wp\/v2\/media?parent=8477"}],"curies":[{"name":"wp","href":"https:\/\/api.w.org\/{rel}","templated":true}]}}