{"id":8495,"date":"2024-09-21T09:45:30","date_gmt":"2024-09-21T08:45:30","guid":{"rendered":"https:\/\/www.alplast.si\/eng-entrancedooraccessories\/"},"modified":"2025-08-29T06:47:25","modified_gmt":"2025-08-29T05:47:25","slug":"accessoires-pour-porte-dentree","status":"publish","type":"page","link":"https:\/\/www.alplast.si\/fr\/accessoires-pour-porte-dentree\/","title":{"rendered":"Accessoires pour porte d\u2019entr\u00e9e"},"content":{"rendered":"<div class=\"fusion-fullwidth fullwidth-box fusion-builder-row-1 fusion-flex-container has-pattern-background has-mask-background nonhundred-percent-fullwidth non-hundred-percent-height-scrolling\" style=\"--awb-border-radius-top-left:0px;--awb-border-radius-top-right:0px;--awb-border-radius-bottom-right:0px;--awb-border-radius-bottom-left:0px;--awb-flex-wrap:wrap;\" ><div class=\"fusion-builder-row fusion-row fusion-flex-align-items-flex-start fusion-flex-content-wrap\" style=\"max-width:1216.8px;margin-left: calc(-4% \/ 2 );margin-right: calc(-4% \/ 2 );\"><div class=\"fusion-layout-column fusion_builder_column fusion-builder-column-0 fusion_builder_column_1_3 1_3 fusion-flex-column\" style=\"--awb-bg-color:var(--awb-color2);--awb-bg-color-hover:var(--awb-color2);--awb-bg-image:linear-gradient(180deg, var(--awb-color2) 0%,var(--awb-color3) 100%);--awb-bg-size:cover;--awb-width-large:33.333333333333%;--awb-margin-top-large:0px;--awb-spacing-right-large:5.76%;--awb-margin-bottom-large:20px;--awb-spacing-left-large:5.76%;--awb-width-medium:33.333333333333%;--awb-order-medium:0;--awb-spacing-right-medium:5.76%;--awb-spacing-left-medium:5.76%;--awb-width-small:100%;--awb-order-small:0;--awb-spacing-right-small:1.92%;--awb-spacing-left-small:1.92%;\" data-scroll-devices=\"small-visibility,medium-visibility,large-visibility\"><div class=\"fusion-column-wrapper fusion-column-has-shadow fusion-flex-justify-content-flex-start fusion-content-layout-column\"><div class=\"fusion-image-element \" style=\"--awb-caption-title-font-family:var(--h2_typography-font-family);--awb-caption-title-font-weight:var(--h2_typography-font-weight);--awb-caption-title-font-style:var(--h2_typography-font-style);--awb-caption-title-size:var(--h2_typography-font-size);--awb-caption-title-transform:var(--h2_typography-text-transform);--awb-caption-title-line-height:var(--h2_typography-line-height);--awb-caption-title-letter-spacing:var(--h2_typography-letter-spacing);\"><span class=\" fusion-imageframe imageframe-none imageframe-1 hover-type-none\"><img data-opt-id=1263699986  fetchpriority=\"high\" decoding=\"async\" width=\"1920\" height=\"1080\" title=\"Akses Kontroll\" src=\"https:\/\/mltpmwosoojw.i.optimole.com\/w:auto\/h:auto\/q:mauto\/ig:avif\/https:\/\/www.alplast.si\/wp-content\/uploads\/2024\/09\/Akses-Kontroll.png\" alt class=\"img-responsive wp-image-7744\" srcset=\"https:\/\/mltpmwosoojw.i.optimole.com\/w:200\/h:113\/q:mauto\/ig:avif\/https:\/\/www.alplast.si\/wp-content\/uploads\/2024\/09\/Akses-Kontroll.png 200w, https:\/\/mltpmwosoojw.i.optimole.com\/w:400\/h:225\/q:mauto\/ig:avif\/https:\/\/www.alplast.si\/wp-content\/uploads\/2024\/09\/Akses-Kontroll.png 400w, https:\/\/mltpmwosoojw.i.optimole.com\/w:600\/h:338\/q:mauto\/ig:avif\/https:\/\/www.alplast.si\/wp-content\/uploads\/2024\/09\/Akses-Kontroll.png 600w, https:\/\/mltpmwosoojw.i.optimole.com\/w:800\/h:450\/q:mauto\/ig:avif\/https:\/\/www.alplast.si\/wp-content\/uploads\/2024\/09\/Akses-Kontroll.png 800w, https:\/\/mltpmwosoojw.i.optimole.com\/w:1200\/h:675\/q:mauto\/ig:avif\/https:\/\/www.alplast.si\/wp-content\/uploads\/2024\/09\/Akses-Kontroll.png 1200w, https:\/\/mltpmwosoojw.i.optimole.com\/w:1920\/h:1080\/q:mauto\/ig:avif\/https:\/\/www.alplast.si\/wp-content\/uploads\/2024\/09\/Akses-Kontroll.png 1920w\" sizes=\"(max-width: 640px) 100vw, 400px\" \/><\/span><\/div><div class=\"fusion-text fusion-text-1\" style=\"--awb-text-color:var(--awb-color6);--awb-margin-right:20px;--awb-margin-left:20px;\"><p>Contr\u00f4le d\u2019acc\u00e8s<\/p>\n<p>Notre offre comprend des claviers num\u00e9riques compatibles avec tous les types de portes ext\u00e9rieures, des contacts \u00e0 lame souple pour d\u00e9terminer la position de l\u2019ouvrant de la porte, ainsi que des syst\u00e8mes avanc\u00e9s d\u2019acc\u00e8s par empreinte digitale pour une s\u00e9curit\u00e9 et un confort accrus.<\/p>\n<\/div><\/div><\/div><div class=\"fusion-layout-column fusion_builder_column fusion-builder-column-1 fusion_builder_column_1_3 1_3 fusion-flex-column\" style=\"--awb-bg-color:var(--awb-color2);--awb-bg-color-hover:var(--awb-color2);--awb-bg-image:linear-gradient(180deg, var(--awb-color2) 0%,var(--awb-color3) 100%);--awb-bg-size:cover;--awb-width-large:33.333333333333%;--awb-margin-top-large:0px;--awb-spacing-right-large:5.76%;--awb-margin-bottom-large:20px;--awb-spacing-left-large:5.76%;--awb-width-medium:33.333333333333%;--awb-order-medium:0;--awb-spacing-right-medium:5.76%;--awb-spacing-left-medium:5.76%;--awb-width-small:100%;--awb-order-small:0;--awb-spacing-right-small:1.92%;--awb-spacing-left-small:1.92%;\" data-scroll-devices=\"small-visibility,medium-visibility,large-visibility\"><div class=\"fusion-column-wrapper fusion-column-has-shadow fusion-flex-justify-content-flex-start fusion-content-layout-column\"><div class=\"fusion-image-element \" style=\"--awb-caption-title-font-family:var(--h2_typography-font-family);--awb-caption-title-font-weight:var(--h2_typography-font-weight);--awb-caption-title-font-style:var(--h2_typography-font-style);--awb-caption-title-size:var(--h2_typography-font-size);--awb-caption-title-transform:var(--h2_typography-text-transform);--awb-caption-title-line-height:var(--h2_typography-line-height);--awb-caption-title-letter-spacing:var(--h2_typography-letter-spacing);\"><span class=\" fusion-imageframe imageframe-none imageframe-2 hover-type-none\"><img data-opt-id=2050813723  fetchpriority=\"high\" decoding=\"async\" width=\"1920\" height=\"1080\" title=\"Doreza\" src=\"https:\/\/mltpmwosoojw.i.optimole.com\/w:auto\/h:auto\/q:mauto\/ig:avif\/https:\/\/www.alplast.si\/wp-content\/uploads\/2024\/09\/Doreza.png\" alt class=\"img-responsive wp-image-7747\" srcset=\"https:\/\/mltpmwosoojw.i.optimole.com\/w:200\/h:113\/q:mauto\/ig:avif\/https:\/\/www.alplast.si\/wp-content\/uploads\/2024\/09\/Doreza.png 200w, https:\/\/mltpmwosoojw.i.optimole.com\/w:400\/h:225\/q:mauto\/ig:avif\/https:\/\/www.alplast.si\/wp-content\/uploads\/2024\/09\/Doreza.png 400w, https:\/\/mltpmwosoojw.i.optimole.com\/w:600\/h:338\/q:mauto\/ig:avif\/https:\/\/www.alplast.si\/wp-content\/uploads\/2024\/09\/Doreza.png 600w, https:\/\/mltpmwosoojw.i.optimole.com\/w:800\/h:450\/q:mauto\/ig:avif\/https:\/\/www.alplast.si\/wp-content\/uploads\/2024\/09\/Doreza.png 800w, https:\/\/mltpmwosoojw.i.optimole.com\/w:1200\/h:675\/q:mauto\/ig:avif\/https:\/\/www.alplast.si\/wp-content\/uploads\/2024\/09\/Doreza.png 1200w, https:\/\/mltpmwosoojw.i.optimole.com\/w:1920\/h:1080\/q:mauto\/ig:avif\/https:\/\/www.alplast.si\/wp-content\/uploads\/2024\/09\/Doreza.png 1920w\" sizes=\"(max-width: 640px) 100vw, 400px\" \/><\/span><\/div><div class=\"fusion-text fusion-text-2\" style=\"--awb-text-color:var(--awb-color6);--awb-margin-right:20px;--awb-margin-left:20px;\"><p>Poign\u00e9es<\/p>\n<p>Nous proposons une large gamme de poign\u00e9es de porte, allant des mod\u00e8les simples et durables aux poign\u00e9es statiques, anti-effraction et plates, con\u00e7ues pour s\u2019adapter parfaitement \u00e0 un cylindre rotatif afin d\u2019assurer une s\u00e9curit\u00e9 et une fonctionnalit\u00e9 maximales.<\/p>\n<\/div><\/div><\/div><div class=\"fusion-layout-column fusion_builder_column fusion-builder-column-2 fusion_builder_column_1_3 1_3 fusion-flex-column\" style=\"--awb-bg-color:var(--awb-color2);--awb-bg-color-hover:var(--awb-color2);--awb-bg-image:linear-gradient(180deg, var(--awb-color2) 0%,var(--awb-color3) 100%);--awb-bg-size:cover;--awb-width-large:33.333333333333%;--awb-margin-top-large:0px;--awb-spacing-right-large:5.76%;--awb-margin-bottom-large:20px;--awb-spacing-left-large:5.76%;--awb-width-medium:33.333333333333%;--awb-order-medium:0;--awb-spacing-right-medium:5.76%;--awb-spacing-left-medium:5.76%;--awb-width-small:100%;--awb-order-small:0;--awb-spacing-right-small:1.92%;--awb-spacing-left-small:1.92%;\" data-scroll-devices=\"small-visibility,medium-visibility,large-visibility\"><div class=\"fusion-column-wrapper fusion-column-has-shadow fusion-flex-justify-content-flex-start fusion-content-layout-column\"><div class=\"fusion-image-element \" style=\"--awb-caption-title-font-family:var(--h2_typography-font-family);--awb-caption-title-font-weight:var(--h2_typography-font-weight);--awb-caption-title-font-style:var(--h2_typography-font-style);--awb-caption-title-size:var(--h2_typography-font-size);--awb-caption-title-transform:var(--h2_typography-text-transform);--awb-caption-title-line-height:var(--h2_typography-line-height);--awb-caption-title-letter-spacing:var(--h2_typography-letter-spacing);\"><span class=\" fusion-imageframe imageframe-none imageframe-3 hover-type-none\"><img data-opt-id=349448940  data-opt-src=\"https:\/\/mltpmwosoojw.i.optimole.com\/w:auto\/h:auto\/q:mauto\/ig:avif\/https:\/\/www.alplast.si\/wp-content\/uploads\/2024\/09\/Brava.png\"  decoding=\"async\" width=\"1920\" height=\"1080\" title=\"Brava\" src=\"data:image/svg+xml,%3Csvg%20viewBox%3D%220%200%20100%%20100%%22%20width%3D%22100%%22%20height%3D%22100%%22%20xmlns%3D%22http%3A%2F%2Fwww.w3.org%2F2000%2Fsvg%22%3E%3Crect%20width%3D%22100%%22%20height%3D%22100%%22%20fill%3D%22transparent%22%2F%3E%3C%2Fsvg%3E\" alt class=\"img-responsive wp-image-7750\" old-srcset=\"https:\/\/mltpmwosoojw.i.optimole.com\/w:200\/h:113\/q:mauto\/ig:avif\/https:\/\/www.alplast.si\/wp-content\/uploads\/2024\/09\/Brava.png 200w, https:\/\/mltpmwosoojw.i.optimole.com\/w:400\/h:225\/q:mauto\/ig:avif\/https:\/\/www.alplast.si\/wp-content\/uploads\/2024\/09\/Brava.png 400w, https:\/\/mltpmwosoojw.i.optimole.com\/w:600\/h:338\/q:mauto\/ig:avif\/https:\/\/www.alplast.si\/wp-content\/uploads\/2024\/09\/Brava.png 600w, https:\/\/mltpmwosoojw.i.optimole.com\/w:800\/h:450\/q:mauto\/ig:avif\/https:\/\/www.alplast.si\/wp-content\/uploads\/2024\/09\/Brava.png 800w, https:\/\/mltpmwosoojw.i.optimole.com\/w:1200\/h:675\/q:mauto\/ig:avif\/https:\/\/www.alplast.si\/wp-content\/uploads\/2024\/09\/Brava.png 1200w, https:\/\/mltpmwosoojw.i.optimole.com\/w:1920\/h:1080\/q:mauto\/ig:avif\/https:\/\/www.alplast.si\/wp-content\/uploads\/2024\/09\/Brava.png 1920w\" \/><\/span><\/div><div class=\"fusion-text fusion-text-3\" style=\"--awb-text-color:var(--awb-color6);--awb-margin-right:20px;--awb-margin-left:20px;\"><p>Serrures<\/p>\n<p>Les serrures de porte offrent une protection \u00e9lev\u00e9e contre les cambriolages. Le nombre de p\u00eanes dans une serrure influence consid\u00e9rablement la solidit\u00e9 de la porte et l\u2019efficacit\u00e9 de sa fermeture.<\/p>\n<\/div><\/div><\/div><div class=\"fusion-layout-column fusion_builder_column fusion-builder-column-3 fusion_builder_column_1_3 1_3 fusion-flex-column\" style=\"--awb-bg-color:var(--awb-color2);--awb-bg-color-hover:var(--awb-color2);--awb-bg-image:linear-gradient(180deg, var(--awb-color2) 0%,var(--awb-color3) 100%);--awb-bg-size:cover;--awb-width-large:33.333333333333%;--awb-margin-top-large:25px;--awb-spacing-right-large:5.76%;--awb-margin-bottom-large:20px;--awb-spacing-left-large:5.76%;--awb-width-medium:33.333333333333%;--awb-order-medium:0;--awb-spacing-right-medium:5.76%;--awb-spacing-left-medium:5.76%;--awb-width-small:100%;--awb-order-small:0;--awb-spacing-right-small:1.92%;--awb-spacing-left-small:1.92%;\" data-scroll-devices=\"small-visibility,medium-visibility,large-visibility\"><div class=\"fusion-column-wrapper fusion-column-has-shadow fusion-flex-justify-content-flex-start fusion-content-layout-column\"><div class=\"fusion-image-element \" style=\"--awb-caption-title-font-family:var(--h2_typography-font-family);--awb-caption-title-font-weight:var(--h2_typography-font-weight);--awb-caption-title-font-style:var(--h2_typography-font-style);--awb-caption-title-size:var(--h2_typography-font-size);--awb-caption-title-transform:var(--h2_typography-text-transform);--awb-caption-title-line-height:var(--h2_typography-line-height);--awb-caption-title-letter-spacing:var(--h2_typography-letter-spacing);\"><span class=\" fusion-imageframe imageframe-none imageframe-4 hover-type-none\"><img data-opt-id=891595360  data-opt-src=\"https:\/\/mltpmwosoojw.i.optimole.com\/w:auto\/h:auto\/q:mauto\/ig:avif\/https:\/\/www.alplast.si\/wp-content\/uploads\/2024\/09\/Mbylles.png\"  decoding=\"async\" width=\"1920\" height=\"1080\" title=\"Mbylles\" src=\"data:image/svg+xml,%3Csvg%20viewBox%3D%220%200%20100%%20100%%22%20width%3D%22100%%22%20height%3D%22100%%22%20xmlns%3D%22http%3A%2F%2Fwww.w3.org%2F2000%2Fsvg%22%3E%3Crect%20width%3D%22100%%22%20height%3D%22100%%22%20fill%3D%22transparent%22%2F%3E%3C%2Fsvg%3E\" alt class=\"img-responsive wp-image-7753\" old-srcset=\"https:\/\/mltpmwosoojw.i.optimole.com\/w:200\/h:113\/q:mauto\/ig:avif\/https:\/\/www.alplast.si\/wp-content\/uploads\/2024\/09\/Mbylles.png 200w, https:\/\/mltpmwosoojw.i.optimole.com\/w:400\/h:225\/q:mauto\/ig:avif\/https:\/\/www.alplast.si\/wp-content\/uploads\/2024\/09\/Mbylles.png 400w, https:\/\/mltpmwosoojw.i.optimole.com\/w:600\/h:338\/q:mauto\/ig:avif\/https:\/\/www.alplast.si\/wp-content\/uploads\/2024\/09\/Mbylles.png 600w, https:\/\/mltpmwosoojw.i.optimole.com\/w:800\/h:450\/q:mauto\/ig:avif\/https:\/\/www.alplast.si\/wp-content\/uploads\/2024\/09\/Mbylles.png 800w, https:\/\/mltpmwosoojw.i.optimole.com\/w:1200\/h:675\/q:mauto\/ig:avif\/https:\/\/www.alplast.si\/wp-content\/uploads\/2024\/09\/Mbylles.png 1200w, https:\/\/mltpmwosoojw.i.optimole.com\/w:1920\/h:1080\/q:mauto\/ig:avif\/https:\/\/www.alplast.si\/wp-content\/uploads\/2024\/09\/Mbylles.png 1920w\" \/><\/span><\/div><div class=\"fusion-text fusion-text-4\" style=\"--awb-text-color:var(--awb-color6);--awb-margin-right:20px;--awb-margin-left:20px;\"><p>Ferme-portes automatiques<\/p>\n<p>Nous proposons une large gamme de ferme-portes automatiques con\u00e7us pour r\u00e9gler la vitesse de fermeture d\u2019un vantail de porte ouvert. Avec un design durable et fonctionnel, ces ferme-portes offrent confort et performance fiable pendant de nombreuses ann\u00e9es.<\/p>\n<\/div><\/div><\/div><\/div><\/div>\n","protected":false},"excerpt":{"rendered":"","protected":false},"author":1,"featured_media":0,"parent":0,"menu_order":0,"comment_status":"closed","ping_status":"closed","template":"","meta":{"_oct_exclude_from_cache":false,"footnotes":""},"class_list":["post-8495","page","type-page","status-publish","hentry"],"_links":{"self":[{"href":"https:\/\/www.alplast.si\/fr\/wp-json\/wp\/v2\/pages\/8495","targetHints":{"allow":["GET"]}}],"collection":[{"href":"https:\/\/www.alplast.si\/fr\/wp-json\/wp\/v2\/pages"}],"about":[{"href":"https:\/\/www.alplast.si\/fr\/wp-json\/wp\/v2\/types\/page"}],"author":[{"embeddable":true,"href":"https:\/\/www.alplast.si\/fr\/wp-json\/wp\/v2\/users\/1"}],"replies":[{"embeddable":true,"href":"https:\/\/www.alplast.si\/fr\/wp-json\/wp\/v2\/comments?post=8495"}],"version-history":[{"count":7,"href":"https:\/\/www.alplast.si\/fr\/wp-json\/wp\/v2\/pages\/8495\/revisions"}],"predecessor-version":[{"id":9027,"href":"https:\/\/www.alplast.si\/fr\/wp-json\/wp\/v2\/pages\/8495\/revisions\/9027"}],"wp:attachment":[{"href":"https:\/\/www.alplast.si\/fr\/wp-json\/wp\/v2\/media?parent=8495"}],"curies":[{"name":"wp","href":"https:\/\/api.w.org\/{rel}","templated":true}]}}