{"id":8911,"date":"2025-05-28T08:00:51","date_gmt":"2025-05-28T07:00:51","guid":{"rendered":"https:\/\/www.alplast.si\/chi-siamo\/"},"modified":"2025-08-29T05:30:11","modified_gmt":"2025-08-29T04:30:11","slug":"chi-siamo","status":"publish","type":"page","link":"https:\/\/www.alplast.si\/it\/chi-siamo\/","title":{"rendered":"Chi siamo"},"content":{"rendered":"<p><div class=\"fusion-fullwidth fullwidth-box fusion-builder-row-1 fusion-flex-container nonhundred-percent-fullwidth non-hundred-percent-height-scrolling\" style=\"--link_hover_color: #768e20;--link_color: #768e20;--awb-border-radius-top-left:0px;--awb-border-radius-top-right:0px;--awb-border-radius-bottom-right:0px;--awb-border-radius-bottom-left:0px;--awb-padding-top:100px;--awb-padding-right:80px;--awb-padding-bottom:40px;--awb-padding-left:80px;--awb-padding-top-medium:37px;--awb-padding-bottom-medium:25px;--awb-margin-top:0px;--awb-margin-bottom:0px;--awb-margin-top-medium:0px;--awb-margin-bottom-medium:0px;--awb-background-color:#0d0f01;--awb-flex-wrap:wrap;\" ><div class=\"fusion-builder-row fusion-row fusion-flex-align-items-center fusion-flex-content-wrap\" style=\"max-width:calc( 1170px + 120px );margin-left: calc(-120px \/ 2 );margin-right: calc(-120px \/ 2 );\"><div class=\"fusion-layout-column fusion_builder_column fusion-builder-column-0 fusion_builder_column_1_2 1_2 fusion-flex-column fusion-animated\" style=\"--awb-bg-size:cover;--awb-width-large:50%;--awb-margin-top-large:0px;--awb-spacing-right-large:60px;--awb-margin-bottom-large:0px;--awb-spacing-left-large:calc( 0.1 * calc( 100% - 120px ) );--awb-width-medium:50%;--awb-order-medium:0;--awb-spacing-right-medium:60px;--awb-margin-bottom-medium:0px;--awb-spacing-left-medium:calc( 0.1 * calc( 100% - 120px ) );--awb-width-small:100%;--awb-order-small:1;--awb-margin-top-small:20px;--awb-spacing-right-small:20px;--awb-margin-bottom-small:20px;--awb-spacing-left-small:20px;\" data-animationType=\"fadeInLeft\" data-animationDuration=\"1.3\" data-animationOffset=\"top-into-view\"><div class=\"fusion-column-wrapper fusion-column-has-shadow fusion-flex-justify-content-flex-start fusion-content-layout-column\"><div class=\"fusion-title title fusion-title-1 fusion-sep-none fusion-title-text fusion-title-size-two\" style=\"--awb-text-color:var(--awb-color1);--awb-font-size:50px;\"><h2 class=\"fusion-title-heading title-heading-left\" style=\"margin:0;font-size:1em;\">AL PLAST uPVC<\/h2><\/div><div class=\"fusion-text fusion-text-1 fusion-text-no-margin\" style=\"--awb-font-size:20px;--awb-line-height:1.7;--awb-letter-spacing:0px;--awb-text-transform:var(--awb-typography4-text-transform);--awb-text-color:var(--awb-color2);\"><p class=\"p1\">Fondata nel 1994, siamo diventati il vostro partner di fiducia nel settore. Con decenni di esperienza nella produzione, un forte orientamento alla soddisfazione del cliente e un impegno costante nell\u2019innovazione, ci siamo posizionati come leader nella produzione di porte e finestre. Inoltre, siamo tra i maggiori produttori di finestre in PVC e alluminio.<\/p>\n<\/div><\/div><\/div><div class=\"fusion-layout-column fusion_builder_column fusion-builder-column-1 fusion_builder_column_1_2 1_2 fusion-flex-column fusion-animated\" style=\"--awb-bg-size:cover;--awb-width-large:50%;--awb-margin-top-large:0px;--awb-spacing-right-large:0px;--awb-margin-bottom-large:40px;--awb-spacing-left-large:calc( 0 * calc( 100% - 120px ) );--awb-width-medium:40%;--awb-order-medium:0;--awb-margin-top-medium:0px;--awb-spacing-right-medium:0px;--awb-margin-bottom-medium:40px;--awb-spacing-left-medium:calc( 0.05 * calc( 100% - 120px ) );--awb-width-small:100%;--awb-order-small:0;--awb-margin-top-small:20px;--awb-spacing-right-small:20px;--awb-margin-bottom-small:20px;--awb-spacing-left-small:20px;\" data-animationType=\"fadeInRight\" data-animationDuration=\"1.3\" data-animationOffset=\"top-into-view\"><div class=\"fusion-column-wrapper fusion-column-has-shadow fusion-flex-justify-content-flex-start fusion-content-layout-column\"><div class=\"fusion-image-element \" style=\"--awb-caption-overlay-color:#c0c479;--awb-caption-title-font-family:var(--h2_typography-font-family);--awb-caption-title-font-weight:var(--h2_typography-font-weight);--awb-caption-title-font-style:var(--h2_typography-font-style);--awb-caption-title-size:var(--h2_typography-font-size);--awb-caption-title-transform:var(--h2_typography-text-transform);--awb-caption-title-line-height:var(--h2_typography-line-height);--awb-caption-title-letter-spacing:var(--h2_typography-letter-spacing);\"><span class=\" fusion-imageframe imageframe-none imageframe-1 hover-type-none\"><img data-opt-id=1155322366  fetchpriority=\"high\" decoding=\"async\" width=\"2048\" height=\"1536\" title=\"rrethkompanise\" src=\"https:\/\/mltpmwosoojw.i.optimole.com\/w:auto\/h:auto\/q:mauto\/ig:avif\/https:\/\/www.alplast.si\/wp-content\/uploads\/2024\/08\/rrethkompanise.jpg\" alt class=\"img-responsive wp-image-8647\" srcset=\"https:\/\/mltpmwosoojw.i.optimole.com\/w:200\/h:150\/q:mauto\/ig:avif\/https:\/\/www.alplast.si\/wp-content\/uploads\/2024\/08\/rrethkompanise.jpg 200w, https:\/\/mltpmwosoojw.i.optimole.com\/w:400\/h:300\/q:mauto\/ig:avif\/https:\/\/www.alplast.si\/wp-content\/uploads\/2024\/08\/rrethkompanise.jpg 400w, https:\/\/mltpmwosoojw.i.optimole.com\/w:600\/h:450\/q:mauto\/ig:avif\/https:\/\/www.alplast.si\/wp-content\/uploads\/2024\/08\/rrethkompanise.jpg 600w, https:\/\/mltpmwosoojw.i.optimole.com\/w:800\/h:600\/q:mauto\/ig:avif\/https:\/\/www.alplast.si\/wp-content\/uploads\/2024\/08\/rrethkompanise.jpg 800w, https:\/\/mltpmwosoojw.i.optimole.com\/w:1200\/h:900\/q:mauto\/ig:avif\/https:\/\/www.alplast.si\/wp-content\/uploads\/2024\/08\/rrethkompanise.jpg 1200w, https:\/\/mltpmwosoojw.i.optimole.com\/w:1440\/h:1080\/q:mauto\/ig:avif\/https:\/\/www.alplast.si\/wp-content\/uploads\/2024\/08\/rrethkompanise.jpg 2048w\" sizes=\"(max-width: 640px) 100vw, 600px\" \/><\/span><\/div><\/div><\/div><\/div><\/div><div class=\"fusion-fullwidth fullwidth-box fusion-builder-row-2 fusion-flex-container nonhundred-percent-fullwidth non-hundred-percent-height-scrolling\" style=\"--link_hover_color: #768e20;--link_color: var(--awb-color4);--awb-border-radius-top-left:0px;--awb-border-radius-top-right:0px;--awb-border-radius-bottom-right:0px;--awb-border-radius-bottom-left:0px;--awb-padding-top:90px;--awb-padding-right:30px;--awb-padding-bottom:90px;--awb-padding-left:30px;--awb-padding-bottom-medium:120px;--awb-padding-top-small:0px;--awb-margin-top:0px;--awb-margin-bottom:0px;--awb-margin-bottom-medium:0px;--awb-background-color:#ffffff;--awb-flex-wrap:wrap;\" ><div class=\"fusion-builder-row fusion-row fusion-flex-align-items-center fusion-flex-content-wrap\" style=\"max-width:calc( 1170px + 120px );margin-left: calc(-120px \/ 2 );margin-right: calc(-120px \/ 2 );\"><div class=\"fusion-layout-column fusion_builder_column fusion-builder-column-2 fusion_builder_column_3_5 3_5 fusion-flex-column\" style=\"--awb-padding-top-small:60px;--awb-padding-left-small:0px;--awb-bg-size:cover;--awb-width-large:60%;--awb-margin-top-large:0px;--awb-spacing-right-large:calc( 0.04 * calc( 100% - 120px ) );--awb-margin-bottom-large:20px;--awb-spacing-left-large:60px;--awb-width-medium:50%;--awb-order-medium:0;--awb-spacing-right-medium:calc( 0.048 * calc( 100% - 120px ) );--awb-spacing-left-medium:60px;--awb-width-small:100%;--awb-order-small:0;--awb-spacing-right-small:70px;--awb-margin-bottom-small:0px;--awb-spacing-left-small:70px;\"><div class=\"fusion-column-wrapper fusion-column-has-shadow fusion-flex-justify-content-flex-start fusion-content-layout-column\"><div class=\"fusion-video fusion-youtube\" style=\"--awb-max-width:600px;--awb-max-height:360px;\"><div class=\"video-shortcode\"><lite-youtube videoid=\"1UUD2GGfifw\" class=\"landscape\" params=\"wmode=transparent&autoplay=1&enablejsapi=1\" title=\"ALPLAST Factory\" width=\"600\" height=\"360\" data-thumbnail-size=\"maxresdefault\" data-no-cookie=\"on\"><\/lite-youtube><\/div><\/div><\/div><\/div><div class=\"fusion-layout-column fusion_builder_column fusion-builder-column-3 fusion_builder_column_2_5 2_5 fusion-flex-column fusion-animated\" style=\"--awb-bg-size:cover;--awb-width-large:40%;--awb-margin-top-large:0px;--awb-spacing-right-large:60px;--awb-margin-bottom-large:0px;--awb-spacing-left-large:calc( 0.125 * calc( 100% - 120px ) );--awb-width-medium:50%;--awb-order-medium:0;--awb-spacing-right-medium:60px;--awb-margin-bottom-medium:0px;--awb-spacing-left-medium:calc( 0.1 * calc( 100% - 120px ) );--awb-width-small:100%;--awb-order-small:1;--awb-margin-top-small:50px;--awb-spacing-right-small:70px;--awb-margin-bottom-small:0px;--awb-spacing-left-small:70px;\" data-animationType=\"fadeInLeft\" data-animationDuration=\"1.3\" data-animationOffset=\"top-into-view\"><div class=\"fusion-column-wrapper fusion-column-has-shadow fusion-flex-justify-content-flex-start fusion-content-layout-column\"><div class=\"fusion-title title fusion-title-2 fusion-sep-none fusion-title-text fusion-title-size-two\" style=\"--awb-text-color:#0d0f01;--awb-margin-top:0px;--awb-margin-bottom:30px;--awb-font-size:30px;\"><h2 class=\"fusion-title-heading title-heading-left\" style=\"margin:0;font-size:1em;letter-spacing:var(--awb-typography1-letter-spacing);text-transform:none;line-height:1.2;\"><p class=\"p1\">Macchinari CNC completamente automatizzati\u2026<b><\/b><\/p><\/h2><\/div><div class=\"fusion-text fusion-text-2 fusion-text-no-margin\" style=\"--awb-font-size:20px;--awb-line-height:1.7;--awb-letter-spacing:0px;--awb-text-transform:var(--awb-typography4-text-transform);--awb-text-color:rgba(12,14,1,0.8);\"><p class=\"p1\">La produzione di porte e finestre in PVC di AL PLAST \u00e8 guidata da un team altamente qualificato e da macchinari avanzati e all\u2019avanguardia. Insieme, ci permettono di realizzare prodotti di qualit\u00e0 superiore, garantiti per una lunga durata nel tempo.<\/p>\n<\/div><\/div><\/div><\/div><\/div><div class=\"fusion-fullwidth fullwidth-box fusion-builder-row-3 fusion-flex-container has-pattern-background has-mask-background nonhundred-percent-fullwidth non-hundred-percent-height-scrolling\" style=\"--link_hover_color: #c0c479;--awb-border-sizes-top:0px;--awb-border-sizes-bottom:0px;--awb-border-sizes-left:0px;--awb-border-sizes-right:0px;--awb-border-radius-top-left:0px;--awb-border-radius-top-right:0px;--awb-border-radius-bottom-right:0px;--awb-border-radius-bottom-left:0px;--awb-padding-top:0px;--awb-padding-right:30px;--awb-padding-bottom:0px;--awb-padding-left:30px;--awb-padding-bottom-small:0px;--awb-margin-top:0px;--awb-margin-bottom:0px;--awb-margin-bottom-medium:0px;--awb-margin-bottom-small:0px;--awb-background-color:var(--awb-color1);--awb-flex-wrap:wrap;\" ><div class=\"fusion-builder-row fusion-row fusion-flex-align-items-stretch fusion-flex-content-wrap\" style=\"max-width:1216.8px;margin-left: calc(-4% \/ 2 );margin-right: calc(-4% \/ 2 );\"><div class=\"fusion-layout-column fusion_builder_column fusion-builder-column-4 fusion_builder_column_1_1 1_1 fusion-flex-column fusion-animated\" style=\"--awb-bg-size:cover;--awb-width-large:100%;--awb-margin-top-large:0px;--awb-spacing-right-large:1.92%;--awb-margin-bottom-large:70px;--awb-spacing-left-large:1.92%;--awb-width-medium:100%;--awb-order-medium:0;--awb-spacing-right-medium:1.92%;--awb-margin-bottom-medium:70px;--awb-spacing-left-medium:1.92%;--awb-width-small:100%;--awb-order-small:0;--awb-spacing-right-small:20px;--awb-margin-bottom-small:0px;--awb-spacing-left-small:20px;\" data-animationType=\"fadeInUp\" data-animationDuration=\"1.3\" data-animationOffset=\"top-into-view\"><div class=\"fusion-column-wrapper fusion-column-has-shadow fusion-flex-justify-content-flex-start fusion-content-layout-column\"><div class=\"fusion-title title fusion-title-3 fusion-sep-none fusion-title-text fusion-title-size-two\" style=\"--awb-text-color:#0d0f01;--awb-margin-top:0px;--awb-margin-bottom:20px;--awb-font-size:30px;\"><h2 class=\"fusion-title-heading title-heading-left\" style=\"margin:0;font-size:1em;letter-spacing:var(--awb-typography1-letter-spacing);text-transform:var(--awb-typography1-text-transform);line-height:1.2;\">Conoscenza ed esperienza<\/h2><\/div><div class=\"fusion-text fusion-text-3\" style=\"--awb-content-alignment:left;--awb-font-size:20px;--awb-line-height:1.7;--awb-letter-spacing:0px;--awb-text-transform:var(--awb-typography4-text-transform);--awb-text-color:rgba(12,14,1,0.8);\"><p class=\"p1\">Con un team altamente qualificato e macchinari CNC all\u2019avanguardia, i nostri prodotti si distinguono per qualit\u00e0 eccezionale e lavorazione precisa. Dal 1994, abbiamo costruito una reputazione come simbolo di qualit\u00e0 e professionalit\u00e0.<\/p>\n<\/div><\/div><\/div><div class=\"fusion-layout-column fusion_builder_column fusion-builder-column-5 fusion_builder_column_1_3 1_3 fusion-flex-column fusion-animated\" style=\"--awb-padding-top:80px;--awb-padding-right:60px;--awb-padding-bottom:80px;--awb-padding-left:60px;--awb-padding-top-medium:60px;--awb-padding-right-medium:45px;--awb-padding-bottom-medium:60px;--awb-padding-left-medium:45px;--awb-bg-color:#f2f4eb;--awb-bg-color-hover:#f2f4eb;--awb-bg-image:linear-gradient(180deg, rgba(41,45,1,0.5) 0%,rgba(41,45,1,0.5) 100%),url(https:\/\/www.alplastks.com\/wp-content\/uploads\/2021\/11\/banner-05.jpg);;--awb-bg-blend:multiply;--awb-bg-size:cover;--awb-width-large:33.333333333333%;--awb-margin-top-large:0px;--awb-spacing-right-large:5.76%;--awb-margin-bottom-large:0px;--awb-spacing-left-large:5.76%;--awb-width-medium:33.333333333333%;--awb-order-medium:0;--awb-spacing-right-medium:5.76%;--awb-spacing-left-medium:5.76%;--awb-width-small:100%;--awb-order-small:1;--awb-margin-top-small:40px;--awb-spacing-right-small:20px;--awb-margin-bottom-small:40px;--awb-spacing-left-small:20px;\" data-animationType=\"fadeInUp\" data-animationDuration=\"1.3\" data-animationOffset=\"top-into-view\" data-scroll-devices=\"small-visibility,medium-visibility,large-visibility\"><div class=\"fusion-column-wrapper fusion-column-has-shadow fusion-flex-justify-content-center fusion-content-layout-column fusion-column-has-bg-image\" data-bg-url=\"https:\/\/www.alplastks.com\/wp-content\/uploads\/2021\/11\/banner-05.jpg\"><div class=\"fusion-title title fusion-title-4 fusion-sep-none fusion-title-center fusion-title-text fusion-title-size-four\" style=\"--awb-text-color:#ffffff;--awb-margin-top:0px;--awb-margin-bottom:20px;--awb-font-size:25px;\"><h4 class=\"fusion-title-heading title-heading-center\" style=\"margin:0;font-size:1em;letter-spacing:var(--awb-typography1-letter-spacing);text-transform:var(--awb-typography1-text-transform);line-height:1.2;\">Certificazione<\/h4><\/div><div class=\"fusion-text fusion-text-4 fusion-text-no-margin\" style=\"--awb-content-alignment:center;--awb-font-size:18px;--awb-line-height:28px;--awb-letter-spacing:0px;--awb-text-transform:var(--awb-typography4-text-transform);--awb-text-color:#ffffff;--awb-margin-bottom:45px;\"><p class=\"p1\">Tutti i nostri prodotti sono certificati CE e ISO, garantendo qualit\u00e0 eccezionale e conformit\u00e0 ai pi\u00f9 alti standard. Inoltre, i materiali che utilizziamo sono di qualit\u00e0 premium e certificati RAL per la loro affidabilit\u00e0.<\/p>\n<\/div><\/div><\/div><div class=\"fusion-layout-column fusion_builder_column fusion-builder-column-6 fusion_builder_column_1_3 1_3 fusion-flex-column fusion-animated\" style=\"--awb-padding-top:80px;--awb-padding-right:60px;--awb-padding-bottom:80px;--awb-padding-left:60px;--awb-padding-top-medium:60px;--awb-padding-right-medium:45px;--awb-padding-bottom-medium:60px;--awb-padding-left-medium:45px;--awb-bg-color:#ffffff;--awb-bg-color-hover:#ffffff;--awb-bg-size:cover;--awb-border-color:#d1d1d1;--awb-border-top:1px;--awb-border-right:1px;--awb-border-bottom:1px;--awb-border-left:1px;--awb-border-style:solid;--awb-width-large:33.333333333333%;--awb-margin-top-large:0px;--awb-spacing-right-large:5.76%;--awb-margin-bottom-large:0px;--awb-spacing-left-large:5.76%;--awb-width-medium:33.333333333333%;--awb-order-medium:0;--awb-spacing-right-medium:5.76%;--awb-spacing-left-medium:5.76%;--awb-width-small:100%;--awb-order-small:2;--awb-spacing-right-small:20px;--awb-margin-bottom-small:40px;--awb-spacing-left-small:20px;\" data-animationType=\"fadeInUp\" data-animationDuration=\"1.3\" data-animationOffset=\"top-into-view\" data-scroll-devices=\"small-visibility,medium-visibility,large-visibility\"><div class=\"fusion-column-wrapper fusion-column-has-shadow fusion-flex-justify-content-center fusion-content-layout-column\"><div class=\"fusion-title title fusion-title-5 fusion-sep-none fusion-title-center fusion-title-text fusion-title-size-four\" style=\"--awb-text-color:#0d0f01;--awb-margin-top:0px;--awb-margin-bottom:20px;--awb-font-size:25px;\"><h4 class=\"fusion-title-heading title-heading-center\" style=\"margin:0;font-size:1em;letter-spacing:var(--awb-typography1-letter-spacing);text-transform:var(--awb-typography1-text-transform);line-height:1.2;\">Affidabilit\u00e0<\/h4><\/div><div class=\"fusion-text fusion-text-5 fusion-text-no-margin\" style=\"--awb-content-alignment:center;--awb-font-size:18px;--awb-line-height:28px;--awb-letter-spacing:0px;--awb-text-transform:var(--awb-typography4-text-transform);--awb-text-color:#0d0f01;--awb-margin-bottom:45px;\"><p class=\"p1\">Utilizzando componenti accuratamente selezionati e tecnologie avanzate, garantiamo che i nostri prodotti offrano un\u2019affidabilit\u00e0 e una durata eccezionali.<\/p>\n<\/div><\/div><\/div><div class=\"fusion-layout-column fusion_builder_column fusion-builder-column-7 fusion_builder_column_1_3 1_3 fusion-flex-column fusion-animated\" style=\"--awb-padding-top:80px;--awb-padding-right:60px;--awb-padding-bottom:80px;--awb-padding-left:60px;--awb-padding-top-medium:60px;--awb-padding-right-medium:45px;--awb-padding-bottom-medium:60px;--awb-padding-left-medium:45px;--awb-bg-color:var(--awb-color2);--awb-bg-color-hover:var(--awb-color2);--awb-bg-size:cover;--awb-width-large:33.333333333333%;--awb-margin-top-large:0px;--awb-spacing-right-large:5.76%;--awb-margin-bottom-large:0px;--awb-spacing-left-large:5.76%;--awb-width-medium:33.333333333333%;--awb-order-medium:0;--awb-spacing-right-medium:5.76%;--awb-spacing-left-medium:5.76%;--awb-width-small:100%;--awb-order-small:3;--awb-spacing-right-small:20px;--awb-margin-bottom-small:0px;--awb-spacing-left-small:20px;\" data-animationType=\"fadeInUp\" data-animationDuration=\"1.3\" data-animationOffset=\"top-into-view\" data-scroll-devices=\"small-visibility,medium-visibility,large-visibility\"><div class=\"fusion-column-wrapper fusion-column-has-shadow fusion-flex-justify-content-center fusion-content-layout-column\"><div class=\"fusion-title title fusion-title-6 fusion-sep-none fusion-title-center fusion-title-text fusion-title-size-four\" style=\"--awb-text-color:#0d0f01;--awb-margin-top:0px;--awb-margin-bottom:20px;--awb-font-size:25px;\"><h4 class=\"fusion-title-heading title-heading-center\" style=\"margin:0;font-size:1em;letter-spacing:var(--awb-typography1-letter-spacing);text-transform:var(--awb-typography1-text-transform);line-height:1.2;\">Collaborazione<\/h4><\/div><div class=\"fusion-text fusion-text-6 fusion-text-no-margin\" style=\"--awb-content-alignment:center;--awb-font-size:18px;--awb-line-height:28px;--awb-letter-spacing:0px;--awb-text-transform:var(--awb-typography4-text-transform);--awb-text-color:#0d0f01;--awb-margin-bottom:45px;\"><p class=\"p1\">Lavoriamo in collaborazione con i principali produttori e fornitori internazionali, tra cui ALUPLAST, WINKHAUS, MACO, EXTE, HOPPE, ALUMIL, SCHUCO, WICONA e molti altri\u2026<\/p>\n<\/div><\/div><\/div><div class=\"fusion-layout-column fusion_builder_column fusion-builder-column-8 fusion_builder_column_1_1 1_1 fusion-flex-column\" style=\"--awb-padding-right:20px;--awb-padding-left:20px;--awb-padding-right-medium:0px;--awb-padding-left-medium:0px;--awb-padding-top-small:0px;--awb-bg-size:cover;--awb-width-large:100%;--awb-margin-top-large:80px;--awb-spacing-right-large:0%;--awb-margin-bottom-large:0px;--awb-spacing-left-large:0%;--awb-width-medium:100%;--awb-order-medium:0;--awb-spacing-right-medium:2.208%;--awb-spacing-left-medium:0%;--awb-width-small:100%;--awb-order-small:4;--awb-margin-top-small:0px;--awb-spacing-right-small:20px;--awb-spacing-left-small:20px;\"><div class=\"fusion-column-wrapper fusion-column-has-shadow fusion-flex-justify-content-flex-start fusion-content-layout-column\"><div class=\"fusion-image-element \" style=\"text-align:center;--awb-aspect-ratio:4 \/ 3;--awb-caption-title-font-family:var(--h2_typography-font-family);--awb-caption-title-font-weight:var(--h2_typography-font-weight);--awb-caption-title-font-style:var(--h2_typography-font-style);--awb-caption-title-size:var(--h2_typography-font-size);--awb-caption-title-transform:var(--h2_typography-text-transform);--awb-caption-title-line-height:var(--h2_typography-line-height);--awb-caption-title-letter-spacing:var(--h2_typography-letter-spacing);\"><span class=\" fusion-imageframe imageframe-none imageframe-2 hover-type-none has-aspect-ratio fusion-animated\" data-animationType=\"fadeInLeft\" data-animationDuration=\"0.3\" data-animationOffset=\"top-into-view\"><img data-opt-id=47850069  fetchpriority=\"high\" decoding=\"async\" width=\"2560\" height=\"1707\" title=\"Staf\" src=\"https:\/\/mltpmwosoojw.i.optimole.com\/w:auto\/h:auto\/q:mauto\/ig:avif\/https:\/\/www.alplast.si\/wp-content\/uploads\/2024\/12\/Staf-scaled.jpg\" class=\"img-responsive wp-image-8841 img-with-aspect-ratio\" data-parent-fit=\"cover\" data-parent-container=\".fusion-image-element\" alt srcset=\"https:\/\/mltpmwosoojw.i.optimole.com\/w:200\/h:133\/q:mauto\/ig:avif\/https:\/\/www.alplast.si\/wp-content\/uploads\/2024\/12\/Staf-scaled.jpg 200w, https:\/\/mltpmwosoojw.i.optimole.com\/w:400\/h:267\/q:mauto\/ig:avif\/https:\/\/www.alplast.si\/wp-content\/uploads\/2024\/12\/Staf-scaled.jpg 400w, https:\/\/mltpmwosoojw.i.optimole.com\/w:600\/h:400\/q:mauto\/ig:avif\/https:\/\/www.alplast.si\/wp-content\/uploads\/2024\/12\/Staf-scaled.jpg 600w, https:\/\/mltpmwosoojw.i.optimole.com\/w:800\/h:533\/q:mauto\/ig:avif\/https:\/\/www.alplast.si\/wp-content\/uploads\/2024\/12\/Staf-scaled.jpg 800w, https:\/\/mltpmwosoojw.i.optimole.com\/w:1200\/h:800\/q:mauto\/ig:avif\/https:\/\/www.alplast.si\/wp-content\/uploads\/2024\/12\/Staf-scaled.jpg 1200w, https:\/\/mltpmwosoojw.i.optimole.com\/w:1619\/h:1080\/q:mauto\/ig:avif\/https:\/\/www.alplast.si\/wp-content\/uploads\/2024\/12\/Staf-scaled.jpg 2560w\" sizes=\"(max-width: 640px) 100vw, 1200px\" \/><\/span><\/div><\/div><\/div><\/div><\/div><\/p>\n","protected":false},"excerpt":{"rendered":"","protected":false},"author":1,"featured_media":0,"parent":0,"menu_order":0,"comment_status":"closed","ping_status":"closed","template":"100-width.php","meta":{"_oct_exclude_from_cache":false,"footnotes":""},"class_list":["post-8911","page","type-page","status-publish","hentry"],"_links":{"self":[{"href":"https:\/\/www.alplast.si\/it\/wp-json\/wp\/v2\/pages\/8911","targetHints":{"allow":["GET"]}}],"collection":[{"href":"https:\/\/www.alplast.si\/it\/wp-json\/wp\/v2\/pages"}],"about":[{"href":"https:\/\/www.alplast.si\/it\/wp-json\/wp\/v2\/types\/page"}],"author":[{"embeddable":true,"href":"https:\/\/www.alplast.si\/it\/wp-json\/wp\/v2\/users\/1"}],"replies":[{"embeddable":true,"href":"https:\/\/www.alplast.si\/it\/wp-json\/wp\/v2\/comments?post=8911"}],"version-history":[{"count":12,"href":"https:\/\/www.alplast.si\/it\/wp-json\/wp\/v2\/pages\/8911\/revisions"}],"predecessor-version":[{"id":9272,"href":"https:\/\/www.alplast.si\/it\/wp-json\/wp\/v2\/pages\/8911\/revisions\/9272"}],"wp:attachment":[{"href":"https:\/\/www.alplast.si\/it\/wp-json\/wp\/v2\/media?parent=8911"}],"curies":[{"name":"wp","href":"https:\/\/api.w.org\/{rel}","templated":true}]}}