{"id":8470,"date":"2024-09-21T10:41:22","date_gmt":"2024-09-21T09:41:22","guid":{"rendered":"https:\/\/www.alplast.si\/eng-windowaccessories\/"},"modified":"2025-08-29T06:29:01","modified_gmt":"2025-08-29T05:29:01","slug":"okenski-dodatki","status":"publish","type":"page","link":"https:\/\/www.alplast.si\/sl\/okenski-dodatki\/","title":{"rendered":"Okenski dodatki"},"content":{"rendered":"<div class=\"fusion-fullwidth fullwidth-box fusion-builder-row-1 fusion-flex-container has-pattern-background has-mask-background nonhundred-percent-fullwidth non-hundred-percent-height-scrolling fusion-animated\" style=\"--awb-border-radius-top-left:0px;--awb-border-radius-top-right:0px;--awb-border-radius-bottom-right:0px;--awb-border-radius-bottom-left:0px;--awb-flex-wrap:wrap;\" data-animationType=\"fadeInLeft\" data-animationDuration=\"0.3\" data-animationOffset=\"top-into-view\" ><div class=\"fusion-builder-row fusion-row fusion-flex-align-items-flex-start fusion-flex-content-wrap\" style=\"max-width:1216.8px;margin-left: calc(-4% \/ 2 );margin-right: calc(-4% \/ 2 );\"><div class=\"fusion-layout-column fusion_builder_column fusion-builder-column-0 fusion_builder_column_1_3 1_3 fusion-flex-column\" style=\"--awb-bg-color:var(--awb-color2);--awb-bg-color-hover:var(--awb-color2);--awb-bg-image:linear-gradient(180deg, var(--awb-color2) 0%,var(--awb-color3) 100%);--awb-bg-size:cover;--awb-width-large:33.333333333333%;--awb-margin-top-large:0px;--awb-spacing-right-large:5.76%;--awb-margin-bottom-large:20px;--awb-spacing-left-large:5.76%;--awb-width-medium:33.333333333333%;--awb-order-medium:0;--awb-spacing-right-medium:5.76%;--awb-spacing-left-medium:5.76%;--awb-width-small:100%;--awb-order-small:0;--awb-spacing-right-small:1.92%;--awb-spacing-left-small:1.92%;\" data-scroll-devices=\"small-visibility,medium-visibility,large-visibility\"><div class=\"fusion-column-wrapper fusion-column-has-shadow fusion-flex-justify-content-flex-start fusion-content-layout-column\"><div class=\"fusion-image-element \" style=\"--awb-caption-title-font-family:var(--h2_typography-font-family);--awb-caption-title-font-weight:var(--h2_typography-font-weight);--awb-caption-title-font-style:var(--h2_typography-font-style);--awb-caption-title-size:var(--h2_typography-font-size);--awb-caption-title-transform:var(--h2_typography-text-transform);--awb-caption-title-line-height:var(--h2_typography-line-height);--awb-caption-title-letter-spacing:var(--h2_typography-letter-spacing);\"><span class=\" fusion-imageframe imageframe-none imageframe-1 hover-type-none\"><img data-opt-id=923589754  fetchpriority=\"high\" decoding=\"async\" width=\"750\" height=\"540\" title=\"Aksesor\u00eb dritare\" src=\"https:\/\/mltpmwosoojw.i.optimole.com\/w:auto\/h:auto\/q:mauto\/ig:avif\/https:\/\/www.alplast.si\/wp-content\/uploads\/2024\/09\/Aksesore-dritare.png\" alt class=\"img-responsive wp-image-7773\" srcset=\"https:\/\/mltpmwosoojw.i.optimole.com\/w:200\/h:144\/q:mauto\/ig:avif\/https:\/\/www.alplast.si\/wp-content\/uploads\/2024\/09\/Aksesore-dritare.png 200w, https:\/\/mltpmwosoojw.i.optimole.com\/w:400\/h:288\/q:mauto\/ig:avif\/https:\/\/www.alplast.si\/wp-content\/uploads\/2024\/09\/Aksesore-dritare.png 400w, https:\/\/mltpmwosoojw.i.optimole.com\/w:600\/h:432\/q:mauto\/ig:avif\/https:\/\/www.alplast.si\/wp-content\/uploads\/2024\/09\/Aksesore-dritare.png 600w, https:\/\/mltpmwosoojw.i.optimole.com\/w:750\/h:540\/q:mauto\/ig:avif\/https:\/\/www.alplast.si\/wp-content\/uploads\/2024\/09\/Aksesore-dritare.png 750w\" sizes=\"(max-width: 640px) 100vw, 400px\" \/><\/span><\/div><div class=\"fusion-text fusion-text-1 fusion-text-no-margin\" style=\"--awb-text-color:var(--awb-color6);--awb-margin-right:20px;--awb-margin-bottom:115px;--awb-margin-left:20px;\"><p class=\"p1\">Aluminijasti dekorativni robovi so elegantna in funkcionalna dopolnitev, ki oknom daje edinstven in prefinjen videz.<\/p>\n<\/div><\/div><\/div><div class=\"fusion-layout-column fusion_builder_column fusion-builder-column-1 fusion_builder_column_1_3 1_3 fusion-flex-column\" style=\"--awb-bg-color:var(--awb-color2);--awb-bg-color-hover:var(--awb-color2);--awb-bg-image:linear-gradient(180deg, var(--awb-color2) 0%,var(--awb-color3) 100%);--awb-bg-size:cover;--awb-width-large:33.333333333333%;--awb-margin-top-large:0px;--awb-spacing-right-large:5.76%;--awb-margin-bottom-large:20px;--awb-spacing-left-large:5.76%;--awb-width-medium:33.333333333333%;--awb-order-medium:0;--awb-spacing-right-medium:5.76%;--awb-spacing-left-medium:5.76%;--awb-width-small:100%;--awb-order-small:0;--awb-spacing-right-small:1.92%;--awb-spacing-left-small:1.92%;\" data-scroll-devices=\"small-visibility,medium-visibility,large-visibility\"><div class=\"fusion-column-wrapper fusion-column-has-shadow fusion-flex-justify-content-flex-start fusion-content-layout-column\"><div class=\"fusion-image-element \" style=\"--awb-caption-title-font-family:var(--h2_typography-font-family);--awb-caption-title-font-weight:var(--h2_typography-font-weight);--awb-caption-title-font-style:var(--h2_typography-font-style);--awb-caption-title-size:var(--h2_typography-font-size);--awb-caption-title-transform:var(--h2_typography-text-transform);--awb-caption-title-line-height:var(--h2_typography-line-height);--awb-caption-title-letter-spacing:var(--h2_typography-letter-spacing);\"><span class=\" fusion-imageframe imageframe-none imageframe-2 hover-type-none\"><img data-opt-id=2054941354  fetchpriority=\"high\" decoding=\"async\" width=\"1920\" height=\"1080\" title=\"Doreza (2)\" src=\"https:\/\/mltpmwosoojw.i.optimole.com\/w:auto\/h:auto\/q:mauto\/ig:avif\/https:\/\/www.alplast.si\/wp-content\/uploads\/2024\/09\/Doreza-2.png\" alt class=\"img-responsive wp-image-7788\" srcset=\"https:\/\/mltpmwosoojw.i.optimole.com\/w:200\/h:113\/q:mauto\/ig:avif\/https:\/\/www.alplast.si\/wp-content\/uploads\/2024\/09\/Doreza-2.png 200w, https:\/\/mltpmwosoojw.i.optimole.com\/w:400\/h:225\/q:mauto\/ig:avif\/https:\/\/www.alplast.si\/wp-content\/uploads\/2024\/09\/Doreza-2.png 400w, https:\/\/mltpmwosoojw.i.optimole.com\/w:600\/h:338\/q:mauto\/ig:avif\/https:\/\/www.alplast.si\/wp-content\/uploads\/2024\/09\/Doreza-2.png 600w, https:\/\/mltpmwosoojw.i.optimole.com\/w:800\/h:450\/q:mauto\/ig:avif\/https:\/\/www.alplast.si\/wp-content\/uploads\/2024\/09\/Doreza-2.png 800w, https:\/\/mltpmwosoojw.i.optimole.com\/w:1200\/h:675\/q:mauto\/ig:avif\/https:\/\/www.alplast.si\/wp-content\/uploads\/2024\/09\/Doreza-2.png 1200w, https:\/\/mltpmwosoojw.i.optimole.com\/w:1920\/h:1080\/q:mauto\/ig:avif\/https:\/\/www.alplast.si\/wp-content\/uploads\/2024\/09\/Doreza-2.png 1920w\" sizes=\"(max-width: 640px) 100vw, 400px\" \/><\/span><\/div><div class=\"fusion-text fusion-text-2 fusion-text-no-margin\" style=\"--awb-text-color:var(--awb-color6);--awb-margin-right:20px;--awb-margin-bottom:200px;--awb-margin-left:20px;\"><p class=\"p1\">Ro\u010daji<\/p>\n<p class=\"p1\">Nudimo \u0161iroko paleto okenskih ro\u010dajev, vklju\u010dno s sodobnimi dizajni, visoko varnostnimi mo\u017enostmi in tistimi iz visokokakovostnih materialov, kot je aluminij.<\/p>\n<\/div><\/div><\/div><div class=\"fusion-layout-column fusion_builder_column fusion-builder-column-2 fusion_builder_column_1_3 1_3 fusion-flex-column\" style=\"--awb-bg-color:var(--awb-color2);--awb-bg-color-hover:var(--awb-color2);--awb-bg-image:linear-gradient(180deg, var(--awb-color2) 0%,var(--awb-color3) 100%);--awb-bg-size:cover;--awb-width-large:33.333333333333%;--awb-margin-top-large:0px;--awb-spacing-right-large:5.76%;--awb-margin-bottom-large:20px;--awb-spacing-left-large:5.76%;--awb-width-medium:33.333333333333%;--awb-order-medium:0;--awb-spacing-right-medium:5.76%;--awb-spacing-left-medium:5.76%;--awb-width-small:100%;--awb-order-small:0;--awb-spacing-right-small:1.92%;--awb-spacing-left-small:1.92%;\" data-scroll-devices=\"small-visibility,medium-visibility,large-visibility\"><div class=\"fusion-column-wrapper fusion-column-has-shadow fusion-flex-justify-content-flex-start fusion-content-layout-column\"><div class=\"fusion-image-element \" style=\"--awb-caption-title-font-family:var(--h2_typography-font-family);--awb-caption-title-font-weight:var(--h2_typography-font-weight);--awb-caption-title-font-style:var(--h2_typography-font-style);--awb-caption-title-size:var(--h2_typography-font-size);--awb-caption-title-transform:var(--h2_typography-text-transform);--awb-caption-title-line-height:var(--h2_typography-line-height);--awb-caption-title-letter-spacing:var(--h2_typography-letter-spacing);\"><span class=\" fusion-imageframe imageframe-none imageframe-3 hover-type-none\"><img data-opt-id=1325063349  data-opt-src=\"https:\/\/www.alplastks.com\/wp-content\/uploads\/2024\/09\/LlajsneTermike-1024x576.png\"  decoding=\"async\" width=\"1024\" height=\"576\" title=\"LlajsneTermike\" src=\"data:image/svg+xml,%3Csvg%20viewBox%3D%220%200%201024%20576%22%20width%3D%221024%22%20height%3D%22576%22%20xmlns%3D%22http%3A%2F%2Fwww.w3.org%2F2000%2Fsvg%22%3E%3Crect%20width%3D%221024%22%20height%3D%22576%22%20fill%3D%22transparent%22%2F%3E%3C%2Fsvg%3E\" alt class=\"img-responsive wp-image-7776\" old-srcset=\"https:\/\/mltpmwosoojw.i.optimole.com\/w:200\/h:113\/q:mauto\/ig:avif\/https:\/\/www.alplast.si\/wp-content\/uploads\/2024\/09\/LlajsneTermike.png 200w, https:\/\/mltpmwosoojw.i.optimole.com\/w:400\/h:225\/q:mauto\/ig:avif\/https:\/\/www.alplast.si\/wp-content\/uploads\/2024\/09\/LlajsneTermike.png 400w, https:\/\/mltpmwosoojw.i.optimole.com\/w:600\/h:338\/q:mauto\/ig:avif\/https:\/\/www.alplast.si\/wp-content\/uploads\/2024\/09\/LlajsneTermike.png 600w, https:\/\/mltpmwosoojw.i.optimole.com\/w:800\/h:450\/q:mauto\/ig:avif\/https:\/\/www.alplast.si\/wp-content\/uploads\/2024\/09\/LlajsneTermike.png 800w, https:\/\/mltpmwosoojw.i.optimole.com\/w:1200\/h:675\/q:mauto\/ig:avif\/https:\/\/www.alplast.si\/wp-content\/uploads\/2024\/09\/LlajsneTermike.png 1200w, https:\/\/mltpmwosoojw.i.optimole.com\/w:1920\/h:1080\/q:mauto\/ig:avif\/https:\/\/www.alplast.si\/wp-content\/uploads\/2024\/09\/LlajsneTermike.png 1920w\" \/><\/span><\/div><div class=\"fusion-text fusion-text-3 fusion-text-no-margin\" style=\"--awb-text-color:var(--awb-color6);--awb-margin-top:50px;--awb-margin-right:20px;--awb-margin-bottom:150px;--awb-margin-left:20px;\"><p class=\"p1\">Toplotne obrobe<\/p>\n<p class=\"p1\">Obrobe znotraj stekla, ki jih ponujamo, so izdelane iz specializiranih materialov, ki pomagajo odpraviti toplotne mostove in izbolj\u0161ati energetsko u\u010dinkovitost oken.<\/p>\n<\/div><\/div><\/div><div class=\"fusion-layout-column fusion_builder_column fusion-builder-column-3 fusion_builder_column_1_3 1_3 fusion-flex-column\" style=\"--awb-bg-color:var(--awb-color2);--awb-bg-color-hover:var(--awb-color2);--awb-bg-image:linear-gradient(180deg, var(--awb-color2) 0%,var(--awb-color3) 100%);--awb-bg-size:cover;--awb-width-large:33.333333333333%;--awb-margin-top-large:25px;--awb-spacing-right-large:5.76%;--awb-margin-bottom-large:20px;--awb-spacing-left-large:5.76%;--awb-width-medium:33.333333333333%;--awb-order-medium:0;--awb-spacing-right-medium:5.76%;--awb-spacing-left-medium:5.76%;--awb-width-small:100%;--awb-order-small:0;--awb-spacing-right-small:1.92%;--awb-spacing-left-small:1.92%;\" data-scroll-devices=\"small-visibility,medium-visibility,large-visibility\"><div class=\"fusion-column-wrapper fusion-column-has-shadow fusion-flex-justify-content-flex-start fusion-content-layout-column\"><div class=\"fusion-image-element \" style=\"--awb-caption-title-font-family:var(--h2_typography-font-family);--awb-caption-title-font-weight:var(--h2_typography-font-weight);--awb-caption-title-font-style:var(--h2_typography-font-style);--awb-caption-title-size:var(--h2_typography-font-size);--awb-caption-title-transform:var(--h2_typography-text-transform);--awb-caption-title-line-height:var(--h2_typography-line-height);--awb-caption-title-letter-spacing:var(--h2_typography-letter-spacing);\"><span class=\" fusion-imageframe imageframe-none imageframe-4 hover-type-none\"><img data-opt-id=1480112350  data-opt-src=\"https:\/\/www.alplastks.com\/wp-content\/uploads\/2024\/09\/Doreza-e-jashtme-1024x576.png\"  decoding=\"async\" width=\"1024\" height=\"576\" title=\"Doreza e jashtme\" src=\"data:image/svg+xml,%3Csvg%20viewBox%3D%220%200%201024%20576%22%20width%3D%221024%22%20height%3D%22576%22%20xmlns%3D%22http%3A%2F%2Fwww.w3.org%2F2000%2Fsvg%22%3E%3Crect%20width%3D%221024%22%20height%3D%22576%22%20fill%3D%22transparent%22%2F%3E%3C%2Fsvg%3E\" alt class=\"img-responsive wp-image-7782\" old-srcset=\"https:\/\/mltpmwosoojw.i.optimole.com\/w:200\/h:113\/q:mauto\/ig:avif\/https:\/\/www.alplast.si\/wp-content\/uploads\/2024\/09\/Doreza-e-jashtme.png 200w, https:\/\/mltpmwosoojw.i.optimole.com\/w:400\/h:225\/q:mauto\/ig:avif\/https:\/\/www.alplast.si\/wp-content\/uploads\/2024\/09\/Doreza-e-jashtme.png 400w, https:\/\/mltpmwosoojw.i.optimole.com\/w:600\/h:338\/q:mauto\/ig:avif\/https:\/\/www.alplast.si\/wp-content\/uploads\/2024\/09\/Doreza-e-jashtme.png 600w, https:\/\/mltpmwosoojw.i.optimole.com\/w:800\/h:450\/q:mauto\/ig:avif\/https:\/\/www.alplast.si\/wp-content\/uploads\/2024\/09\/Doreza-e-jashtme.png 800w, https:\/\/mltpmwosoojw.i.optimole.com\/w:1200\/h:675\/q:mauto\/ig:avif\/https:\/\/www.alplast.si\/wp-content\/uploads\/2024\/09\/Doreza-e-jashtme.png 1200w, https:\/\/mltpmwosoojw.i.optimole.com\/w:1920\/h:1080\/q:mauto\/ig:avif\/https:\/\/www.alplast.si\/wp-content\/uploads\/2024\/09\/Doreza-e-jashtme.png 1920w\" \/><\/span><\/div><div class=\"fusion-text fusion-text-4 fusion-text-no-margin\" style=\"--awb-text-color:var(--awb-color6);--awb-margin-right:20px;--awb-margin-bottom:145px;--awb-margin-left:20px;\"><p class=\"p1\">Potezni ro\u010daji<\/p>\n<p class=\"p1\">Potezni ro\u010daji so nepogre\u0161ljiv dodatek za balkonska okna. Njihova inovativna zasnova in ergonomske oblike zagotavljajo varen in estetsko dovr\u0161en na\u010din monta\u017ee.<\/p>\n<\/div><\/div><\/div><div class=\"fusion-layout-column fusion_builder_column fusion-builder-column-4 fusion_builder_column_1_3 1_3 fusion-flex-column\" style=\"--awb-bg-color:var(--awb-color2);--awb-bg-color-hover:var(--awb-color2);--awb-bg-image:linear-gradient(180deg, var(--awb-color2) 0%,var(--awb-color3) 100%);--awb-bg-size:cover;--awb-width-large:33.333333333333%;--awb-margin-top-large:25px;--awb-spacing-right-large:5.76%;--awb-margin-bottom-large:20px;--awb-spacing-left-large:5.76%;--awb-width-medium:33.333333333333%;--awb-order-medium:0;--awb-spacing-right-medium:5.76%;--awb-spacing-left-medium:5.76%;--awb-width-small:100%;--awb-order-small:0;--awb-spacing-right-small:1.92%;--awb-spacing-left-small:1.92%;\" data-scroll-devices=\"small-visibility,medium-visibility,large-visibility\"><div class=\"fusion-column-wrapper fusion-column-has-shadow fusion-flex-justify-content-flex-start fusion-content-layout-column\"><div class=\"fusion-image-element \" style=\"--awb-caption-title-font-family:var(--h2_typography-font-family);--awb-caption-title-font-weight:var(--h2_typography-font-weight);--awb-caption-title-font-style:var(--h2_typography-font-style);--awb-caption-title-size:var(--h2_typography-font-size);--awb-caption-title-transform:var(--h2_typography-text-transform);--awb-caption-title-line-height:var(--h2_typography-line-height);--awb-caption-title-letter-spacing:var(--h2_typography-letter-spacing);\"><span class=\" fusion-imageframe imageframe-none imageframe-5 hover-type-none\"><img data-opt-id=501128101  data-opt-src=\"https:\/\/mltpmwosoojw.i.optimole.com\/w:auto\/h:auto\/q:mauto\/ig:avif\/https:\/\/www.alplast.si\/wp-content\/uploads\/2024\/09\/Ventilim.png\"  decoding=\"async\" width=\"1920\" height=\"1080\" title=\"Ventilim\" src=\"data:image/svg+xml,%3Csvg%20viewBox%3D%220%200%20100%%20100%%22%20width%3D%22100%%22%20height%3D%22100%%22%20xmlns%3D%22http%3A%2F%2Fwww.w3.org%2F2000%2Fsvg%22%3E%3Crect%20width%3D%22100%%22%20height%3D%22100%%22%20fill%3D%22transparent%22%2F%3E%3C%2Fsvg%3E\" alt class=\"img-responsive wp-image-7791\" old-srcset=\"https:\/\/mltpmwosoojw.i.optimole.com\/w:200\/h:113\/q:mauto\/ig:avif\/https:\/\/www.alplast.si\/wp-content\/uploads\/2024\/09\/Ventilim.png 200w, https:\/\/mltpmwosoojw.i.optimole.com\/w:400\/h:225\/q:mauto\/ig:avif\/https:\/\/www.alplast.si\/wp-content\/uploads\/2024\/09\/Ventilim.png 400w, https:\/\/mltpmwosoojw.i.optimole.com\/w:600\/h:338\/q:mauto\/ig:avif\/https:\/\/www.alplast.si\/wp-content\/uploads\/2024\/09\/Ventilim.png 600w, https:\/\/mltpmwosoojw.i.optimole.com\/w:800\/h:450\/q:mauto\/ig:avif\/https:\/\/www.alplast.si\/wp-content\/uploads\/2024\/09\/Ventilim.png 800w, https:\/\/mltpmwosoojw.i.optimole.com\/w:1200\/h:675\/q:mauto\/ig:avif\/https:\/\/www.alplast.si\/wp-content\/uploads\/2024\/09\/Ventilim.png 1200w, https:\/\/mltpmwosoojw.i.optimole.com\/w:1920\/h:1080\/q:mauto\/ig:avif\/https:\/\/www.alplast.si\/wp-content\/uploads\/2024\/09\/Ventilim.png 1920w\" \/><\/span><\/div><div class=\"fusion-text fusion-text-5 fusion-text-no-margin\" style=\"--awb-text-color:var(--awb-color6);--awb-margin-right:20px;--awb-margin-bottom:170px;--awb-margin-left:20px;\"><p class=\"p1\">Prezra\u010devanje<\/p>\n<p class=\"p1\">V podjetju ALPLAST ponujamo avtomatske prezra\u010devalne sisteme, primerne za PVC okna, ki so na voljo tudi z ro\u010dnim nastavljanjem za najve\u010djo prilagodljivost in udobje.<\/p>\n<\/div><\/div><\/div><div class=\"fusion-layout-column fusion_builder_column fusion-builder-column-5 fusion_builder_column_1_3 1_3 fusion-flex-column\" style=\"--awb-bg-color:var(--awb-color2);--awb-bg-color-hover:var(--awb-color2);--awb-bg-image:linear-gradient(180deg, var(--awb-color2) 0%,var(--awb-color3) 100%);--awb-bg-size:cover;--awb-width-large:33.333333333333%;--awb-margin-top-large:25px;--awb-spacing-right-large:5.76%;--awb-margin-bottom-large:20px;--awb-spacing-left-large:5.76%;--awb-width-medium:33.333333333333%;--awb-order-medium:0;--awb-spacing-right-medium:5.76%;--awb-spacing-left-medium:5.76%;--awb-width-small:100%;--awb-order-small:0;--awb-spacing-right-small:1.92%;--awb-spacing-left-small:1.92%;\" data-scroll-devices=\"small-visibility,medium-visibility,large-visibility\"><div class=\"fusion-column-wrapper fusion-column-has-shadow fusion-flex-justify-content-flex-start fusion-content-layout-column\"><div class=\"fusion-image-element \" style=\"--awb-caption-title-font-family:var(--h2_typography-font-family);--awb-caption-title-font-weight:var(--h2_typography-font-weight);--awb-caption-title-font-style:var(--h2_typography-font-style);--awb-caption-title-size:var(--h2_typography-font-size);--awb-caption-title-transform:var(--h2_typography-text-transform);--awb-caption-title-line-height:var(--h2_typography-line-height);--awb-caption-title-letter-spacing:var(--h2_typography-letter-spacing);\"><span class=\" fusion-imageframe imageframe-none imageframe-6 hover-type-none\"><img data-opt-id=1619176772  data-opt-src=\"https:\/\/mltpmwosoojw.i.optimole.com\/w:auto\/h:auto\/q:mauto\/ig:avif\/https:\/\/www.alplast.si\/wp-content\/uploads\/2024\/09\/PIkoreALu.png\"  decoding=\"async\" width=\"710\" height=\"750\" title=\"PIkoreALu\" src=\"data:image/svg+xml,%3Csvg%20viewBox%3D%220%200%20100%%20100%%22%20width%3D%22100%%22%20height%3D%22100%%22%20xmlns%3D%22http%3A%2F%2Fwww.w3.org%2F2000%2Fsvg%22%3E%3Crect%20width%3D%22100%%22%20height%3D%22100%%22%20fill%3D%22transparent%22%2F%3E%3C%2Fsvg%3E\" alt class=\"img-responsive wp-image-7797\" old-srcset=\"https:\/\/mltpmwosoojw.i.optimole.com\/w:200\/h:211\/q:mauto\/ig:avif\/https:\/\/www.alplast.si\/wp-content\/uploads\/2024\/09\/PIkoreALu.png 200w, https:\/\/mltpmwosoojw.i.optimole.com\/w:400\/h:423\/q:mauto\/ig:avif\/https:\/\/www.alplast.si\/wp-content\/uploads\/2024\/09\/PIkoreALu.png 400w, https:\/\/mltpmwosoojw.i.optimole.com\/w:600\/h:634\/q:mauto\/ig:avif\/https:\/\/www.alplast.si\/wp-content\/uploads\/2024\/09\/PIkoreALu.png 600w, https:\/\/mltpmwosoojw.i.optimole.com\/w:710\/h:750\/q:mauto\/ig:avif\/https:\/\/www.alplast.si\/wp-content\/uploads\/2024\/09\/PIkoreALu.png 710w\" \/><\/span><\/div><div class=\"fusion-text fusion-text-6\" style=\"--awb-text-color:var(--awb-color6);--awb-margin-right:20px;--awb-margin-left:20px;\"><p class=\"p1\">Aluminijaste odkapne obrobe<\/p>\n<p class=\"p1\">Prepre\u010dite vdore vode na fasado va\u0161ega doma. Aluminijaste odkapne obrobe so naju\u010dinkovitej\u0161a in najbolj trpe\u017ena re\u0161itev za za\u0161\u010dito objekta.<\/p>\n<\/div><\/div><\/div><div class=\"fusion-layout-column fusion_builder_column fusion-builder-column-6 fusion_builder_column_1_3 1_3 fusion-flex-column\" style=\"--awb-bg-color:var(--awb-color2);--awb-bg-color-hover:var(--awb-color2);--awb-bg-image:linear-gradient(180deg, var(--awb-color2) 0%,var(--awb-color3) 100%);--awb-bg-size:cover;--awb-width-large:33.333333333333%;--awb-margin-top-large:25px;--awb-spacing-right-large:5.76%;--awb-margin-bottom-large:20px;--awb-spacing-left-large:5.76%;--awb-width-medium:33.333333333333%;--awb-order-medium:0;--awb-spacing-right-medium:5.76%;--awb-spacing-left-medium:5.76%;--awb-width-small:100%;--awb-order-small:0;--awb-spacing-right-small:1.92%;--awb-spacing-left-small:1.92%;\" data-scroll-devices=\"small-visibility,medium-visibility,large-visibility\"><div class=\"fusion-column-wrapper fusion-column-has-shadow fusion-flex-justify-content-flex-start fusion-content-layout-column\"><div class=\"fusion-image-element \" style=\"--awb-caption-title-font-family:var(--h2_typography-font-family);--awb-caption-title-font-weight:var(--h2_typography-font-weight);--awb-caption-title-font-style:var(--h2_typography-font-style);--awb-caption-title-size:var(--h2_typography-font-size);--awb-caption-title-transform:var(--h2_typography-text-transform);--awb-caption-title-line-height:var(--h2_typography-line-height);--awb-caption-title-letter-spacing:var(--h2_typography-letter-spacing);\"><span class=\" fusion-imageframe imageframe-none imageframe-7 hover-type-none\"><img data-opt-id=1054284850  data-opt-src=\"https:\/\/mltpmwosoojw.i.optimole.com\/w:auto\/h:auto\/q:mauto\/ig:avif\/https:\/\/www.alplast.si\/wp-content\/uploads\/2024\/09\/BarrieraXhami.webp\"  decoding=\"async\" width=\"1000\" height=\"1000\" title=\"BarrieraXhami\" src=\"data:image/svg+xml,%3Csvg%20viewBox%3D%220%200%20100%%20100%%22%20width%3D%22100%%22%20height%3D%22100%%22%20xmlns%3D%22http%3A%2F%2Fwww.w3.org%2F2000%2Fsvg%22%3E%3Crect%20width%3D%22100%%22%20height%3D%22100%%22%20fill%3D%22transparent%22%2F%3E%3C%2Fsvg%3E\" alt class=\"img-responsive wp-image-7794\" old-srcset=\"https:\/\/mltpmwosoojw.i.optimole.com\/w:66\/h:66\/q:mauto\/ig:avif\/https:\/\/www.alplast.si\/wp-content\/uploads\/2024\/09\/BarrieraXhami.webp 66w, https:\/\/mltpmwosoojw.i.optimole.com\/w:150\/h:150\/q:mauto\/ig:avif\/https:\/\/www.alplast.si\/wp-content\/uploads\/2024\/09\/BarrieraXhami.webp 150w, https:\/\/mltpmwosoojw.i.optimole.com\/w:200\/h:200\/q:mauto\/ig:avif\/https:\/\/www.alplast.si\/wp-content\/uploads\/2024\/09\/BarrieraXhami.webp 200w, https:\/\/mltpmwosoojw.i.optimole.com\/w:300\/h:300\/q:mauto\/ig:avif\/https:\/\/www.alplast.si\/wp-content\/uploads\/2024\/09\/BarrieraXhami.webp 300w, https:\/\/mltpmwosoojw.i.optimole.com\/w:400\/h:400\/q:mauto\/ig:avif\/https:\/\/www.alplast.si\/wp-content\/uploads\/2024\/09\/BarrieraXhami.webp 400w, https:\/\/mltpmwosoojw.i.optimole.com\/w:600\/h:600\/q:mauto\/ig:avif\/https:\/\/www.alplast.si\/wp-content\/uploads\/2024\/09\/BarrieraXhami.webp 600w, https:\/\/mltpmwosoojw.i.optimole.com\/w:768\/h:768\/q:mauto\/ig:avif\/https:\/\/www.alplast.si\/wp-content\/uploads\/2024\/09\/BarrieraXhami.webp 768w, https:\/\/mltpmwosoojw.i.optimole.com\/w:800\/h:800\/q:mauto\/ig:avif\/https:\/\/www.alplast.si\/wp-content\/uploads\/2024\/09\/BarrieraXhami.webp 800w, https:\/\/mltpmwosoojw.i.optimole.com\/w:1000\/h:1000\/q:mauto\/ig:avif\/https:\/\/www.alplast.si\/wp-content\/uploads\/2024\/09\/BarrieraXhami.webp 1000w\" \/><\/span><\/div><div class=\"fusion-text fusion-text-7\" style=\"--awb-text-color:var(--awb-color6);--awb-margin-right:20px;--awb-margin-left:20px;\"><p class=\"p1\">Steklena ograja<\/p>\n<p class=\"p1\">Zasnovana za za\u0161\u010dito visokih oken brez oviranja pogleda, omogo\u010da namestitev prozornega ali peskanega stekla do vi\u0161ine 1 metra. Najve\u010dja \u0161irina je odvisna od debeline izbranega stekla.<\/p>\n<\/div><\/div><\/div><\/div><\/div>\n","protected":false},"excerpt":{"rendered":"","protected":false},"author":1,"featured_media":0,"parent":0,"menu_order":0,"comment_status":"closed","ping_status":"closed","template":"","meta":{"_oct_exclude_from_cache":false,"footnotes":""},"class_list":["post-8470","page","type-page","status-publish","hentry"],"_links":{"self":[{"href":"https:\/\/www.alplast.si\/sl\/wp-json\/wp\/v2\/pages\/8470","targetHints":{"allow":["GET"]}}],"collection":[{"href":"https:\/\/www.alplast.si\/sl\/wp-json\/wp\/v2\/pages"}],"about":[{"href":"https:\/\/www.alplast.si\/sl\/wp-json\/wp\/v2\/types\/page"}],"author":[{"embeddable":true,"href":"https:\/\/www.alplast.si\/sl\/wp-json\/wp\/v2\/users\/1"}],"replies":[{"embeddable":true,"href":"https:\/\/www.alplast.si\/sl\/wp-json\/wp\/v2\/comments?post=8470"}],"version-history":[{"count":6,"href":"https:\/\/www.alplast.si\/sl\/wp-json\/wp\/v2\/pages\/8470\/revisions"}],"predecessor-version":[{"id":9178,"href":"https:\/\/www.alplast.si\/sl\/wp-json\/wp\/v2\/pages\/8470\/revisions\/9178"}],"wp:attachment":[{"href":"https:\/\/www.alplast.si\/sl\/wp-json\/wp\/v2\/media?parent=8470"}],"curies":[{"name":"wp","href":"https:\/\/api.w.org\/{rel}","templated":true}]}}